{"id":206,"date":"2019-02-01T10:55:41","date_gmt":"2019-02-01T10:55:41","guid":{"rendered":"https:\/\/dax-deluxe.be\/?page_id=206"},"modified":"2019-02-01T11:37:39","modified_gmt":"2019-02-01T11:37:39","slug":"dax-deluxe","status":"publish","type":"page","link":"https:\/\/dax-deluxe.be\/fr\/dax-deluxe\/","title":{"rendered":"Dax Deluxe"},"content":{"rendered":"<div id='revolutionslider_1'  class='avia-layerslider avia-revolutionslider main_color avia-shadow  avia-builder-el-0  el_before_av_three_fifth  avia-builder-el-first   container_wrap fullsize'  >\n\t\t\t<!-- START daxdeluxe REVOLUTION SLIDER 6.6.16 --><p class=\"rs-p-wp-fix\"><\/p>\n\t\t\t<rs-module-wrap id=\"rev_slider_2_1_wrapper\" data-source=\"gallery\" style=\"visibility:hidden;background:transparent;padding:0;margin:0px auto;margin-top:0;margin-bottom:0;\">\n\t\t\t\t<rs-module id=\"rev_slider_2_1\" style=\"\" data-version=\"6.6.16\">\n\t\t\t\t\t<rs-slides style=\"overflow: hidden; position: absolute;\">\n\t\t\t\t\t\t<rs-slide style=\"position: absolute;\" data-key=\"rs-6\" data-title=\"Slide\" data-anim=\"adpr:false;\">\n\t\t\t\t\t\t\t<img decoding=\"async\" src=\"\/\/dax-deluxe.be\/wp-content\/plugins\/revslider\/public\/assets\/assets\/dummy.png\" alt=\"\" title=\"Dax Deluxe\" class=\"rev-slidebg tp-rs-img rs-lazyload\" data-lazyload=\"\/\/dax-deluxe.be\/wp-content\/uploads\/2019\/01\/dax-deluxe-slider.jpg\" data-no-retina>\n<!--\n\t\t\t\t\t\t\t--><rs-layer\n\t\t\t\t\t\t\t\tid=\"slider-2-slide-6-layer-1\" \n\t\t\t\t\t\t\t\tclass=\"tp-shape tp-shapewrapper\"\n\t\t\t\t\t\t\t\tdata-type=\"shape\"\n\t\t\t\t\t\t\t\tdata-rsp_ch=\"on\"\n\t\t\t\t\t\t\t\tdata-xy=\"x:c;y:c;\"\n\t\t\t\t\t\t\t\tdata-text=\"fw:100;a:inherit;\"\n\t\t\t\t\t\t\t\tdata-dim=\"w:100%;h:100%;\"\n\t\t\t\t\t\t\t\tdata-basealign=\"slide\"\n\t\t\t\t\t\t\t\tdata-frame_0=\"tp:600;\"\n\t\t\t\t\t\t\t\tdata-frame_1=\"tp:600;st:0;\"\n\t\t\t\t\t\t\t\tdata-frame_999=\"o:0;tp:600;st:w;sR:8700;\"\n\t\t\t\t\t\t\t\tstyle=\"z-index:5;background-color:rgba(0,0,0,0.5);\"\n\t\t\t\t\t\t\t> \n\t\t\t\t\t\t\t<\/rs-layer><!--\n-->\t\t\t\t\t\t<\/rs-slide>\n\t\t\t\t\t<\/rs-slides>\n\t\t\t\t<\/rs-module>\n\t\t\t\t<script>\n\t\t\t\t\tsetREVStartSize({c: 'rev_slider_2_1',rl:[1240,1024,778,480],el:[],gw:[1800],gh:[600],type:'hero',justify:'',layout:'fullwidth',mh:\"0\"});if (window.RS_MODULES!==undefined && window.RS_MODULES.modules!==undefined && window.RS_MODULES.modules[\"revslider21\"]!==undefined) {window.RS_MODULES.modules[\"revslider21\"].once = false;window.revapi2 = undefined;if (window.RS_MODULES.checkMinimal!==undefined) window.RS_MODULES.checkMinimal()}\n\t\t\t\t<\/script>\n\t\t\t<\/rs-module-wrap>\n\t\t\t<!-- END REVOLUTION SLIDER -->\n<\/div><div id='after_revolutionslider_1'  class='main_color av_default_container_wrap container_wrap fullsize'  ><div class='container av-section-cont-open' ><div class='template-page content  av-content-full alpha units'><div class='post-entry post-entry-type-page post-entry-206'><div class='entry-content-wrapper clearfix'>\n<div class='flex_column_table av-19vsa-e88b92e0ee17f2602ac670e86ff2c49e sc-av_three_fifth av-equal-height-column-flextable'>\n<style type=\"text\/css\" data-created_by=\"avia_inline_auto\" id=\"style-css-av-19vsa-e88b92e0ee17f2602ac670e86ff2c49e\">\n.flex_column.av-19vsa-e88b92e0ee17f2602ac670e86ff2c49e{\nborder-radius:0px 0px 0px 0px;\npadding:0px 0px 0px 0px;\n}\n<\/style>\n<div  class='flex_column av-19vsa-e88b92e0ee17f2602ac670e86ff2c49e av_three_fifth  avia-builder-el-1  el_after_av_revolutionslider  el_before_av_two_fifth  avia-builder-el-first  first flex_column_table_cell av-equal-height-column av-align-middle av-zero-column-padding  '     ><p>\n<style type=\"text\/css\" data-created_by=\"avia_inline_auto\" id=\"style-css-av-jrhkx2m8-261c6f95994d83e4036b8f27a7cca749\">\n.avia-image-container.av-jrhkx2m8-261c6f95994d83e4036b8f27a7cca749 img.avia_image{\nbox-shadow:none;\n}\n.avia-image-container.av-jrhkx2m8-261c6f95994d83e4036b8f27a7cca749 .av-image-caption-overlay-center{\ncolor:#ffffff;\n}\n<\/style>\n<div  class='avia-image-container av-jrhkx2m8-261c6f95994d83e4036b8f27a7cca749 av-styling- avia-align-center  avia-builder-el-2  el_before_av_textblock  avia-builder-el-first  text-img'   itemprop=\"image\" itemscope=\"itemscope\" itemtype=\"https:\/\/schema.org\/ImageObject\" ><div class=\"avia-image-container-inner\"><div class=\"avia-image-overlay-wrap\"><img decoding=\"async\" class='wp-image-466 avia-img-lazy-loading-not-466 avia_image ' src=\"https:\/\/dax-deluxe.be\/wp-content\/uploads\/2019\/02\/history-2.png\" alt='' title='history'  height=\"100\" width=\"220\"  itemprop=\"thumbnailUrl\"  \/><\/div><\/div><\/div><br \/>\n<section  class='av_textblock_section av-xz06-a89a22312db08586f7495b2ade208969 '   itemscope=\"itemscope\" itemtype=\"https:\/\/schema.org\/CreativeWork\" ><div class='avia_textblock'  itemprop=\"text\" ><h1 style=\"text-align: center;\">HISTOIRE<\/h1>\n<p style=\"text-align: justify;\">Daxdeluxe, d\u00e9but\u00e9 en 2008 dans un garage de 20 m\u00b2, est en fait un loisir qui a mal tourn\u00e9.<br \/>\nEn 2008, la question est venue de placer une Honda Dax personnalis\u00e9e dans une vitrine \u00e0 Knokke &#8230; puis \u00e0 Anvers, puis \u00e0 Bruxelles, etc &#8230; Cela a marqu\u00e9 le d\u00e9but d&rsquo;un succ\u00e8s!<\/p>\n<p style=\"text-align: justify;\">Les magasins ils commandaient des cyclomoteurs et des motos Custom Dax qu\u2019ils ils vendaient \u00e0 leurs clients. Puis, il y eut une demande \u00e9trang\u00e8re: Paris, D\u00fcsseldorf, Cologne, &#8230;<\/p>\n<p style=\"text-align: justify;\">Dax Deluxe est aujourd&rsquo;hui, plus de 10 ans plus tard, situ\u00e9 dans la zone industrielle &lsquo;t Walletje \u00e0 Knokke-Heist dans un b\u00e2timent de 250 m\u00b2..<\/p>\n<blockquote>\n<h3 style=\"text-align: justify;\">\u00ab\u00a0Chaque jour, nous aspirons \u00e0 la perfection, chaque projet doit \u00eatre meilleur &#8230; Chaque jour, j&rsquo;ai le privil\u00e8ge de pouvoir exercer ce m\u00e9tier et permettre aux gens de r\u00e9aliser leur petit r\u00eave.\u00a0\u00bb<\/h3>\n<\/blockquote>\n<p style=\"text-align: justify;\"><small>Kristof De Groote<\/small><\/p>\n<\/div><\/section><br \/>\n\n<style type=\"text\/css\" data-created_by=\"avia_inline_auto\" id=\"style-css-av-jrhkx2m8-cc474f5452edd2255a19c2cdfc0c04f7\">\n.avia-image-container.av-jrhkx2m8-cc474f5452edd2255a19c2cdfc0c04f7 img.avia_image{\nbox-shadow:none;\n}\n.avia-image-container.av-jrhkx2m8-cc474f5452edd2255a19c2cdfc0c04f7 .av-image-caption-overlay-center{\ncolor:#ffffff;\n}\n<\/style>\n<div  class='avia-image-container av-jrhkx2m8-cc474f5452edd2255a19c2cdfc0c04f7 av-styling- avia-align-center  avia-builder-el-4  el_after_av_textblock  el_before_av_textblock  text-img'   itemprop=\"image\" itemscope=\"itemscope\" itemtype=\"https:\/\/schema.org\/ImageObject\" ><div class=\"avia-image-container-inner\"><div class=\"avia-image-overlay-wrap\"><img decoding=\"async\" class='wp-image-462 avia-img-lazy-loading-not-462 avia_image ' src=\"https:\/\/dax-deluxe.be\/wp-content\/uploads\/2019\/02\/philosophy-300x107.png\" alt='' title='philosophy'  height=\"107\" width=\"300\"  itemprop=\"thumbnailUrl\"  \/><\/div><\/div><\/div><br \/>\n<section  class='av_textblock_section av-xz06-a89a22312db08586f7495b2ade208969 '   itemscope=\"itemscope\" itemtype=\"https:\/\/schema.org\/CreativeWork\" ><div class='avia_textblock'  itemprop=\"text\" ><h1 style=\"text-align: center;\">PHILOSOPHIE<\/h1>\n<p style=\"text-align: justify;\">La carrosserie de la Honda Dax b\u00e9n\u00e9ficie de nombreux ajustements \u2013 en respectant les lignes r\u00e9tro-modernes d&rsquo;une Honda Dax classique. Tous les mat\u00e9riaux utilis\u00e9s ou rev\u00eatus, \u00e0 part du ch\u00e2ssis, proviennent de l\u2019usine Honda, donc neuf, ou compl\u00e8tement restaur\u00e9s et renouvel\u00e9s.<\/p>\n<p style=\"text-align: justify;\">La philosophie de Dax Deluxe est simple. <strong>D\u00e9monter jusqu&rsquo;au dernier vis et puis reconstruire, mais de fa\u00e7on meilleure.<\/strong> Trouvez les points faibles et les am\u00e9liorer. Optimaliser mais sans oublier l&rsquo;exp\u00e9rience et l&rsquo;\u00e2me de la Honda Dax.<\/p>\n<p style=\"text-align: justify;\">Nos sp\u00e9cifications et nos choix de restauration refl\u00e8tent notre vision d\u2019une Honda Dax optimalis\u00e9e et nous proposons une large gamme d\u2019expressions <strong>individuelles et de personnalisation.<\/strong> Si vous avez des demandes sp\u00e9ciales ou des questions plus sp\u00e9cifiques, nous serons ravis de vous conseiller.<\/p>\n<\/div><\/section><\/p><\/div><div class='av-flex-placeholder'><\/div>\n<style type=\"text\/css\" data-created_by=\"avia_inline_auto\" id=\"style-css-av-1a0ye-fcdbffb3a95347362714e2068c99cf6d\">\n.flex_column.av-1a0ye-fcdbffb3a95347362714e2068c99cf6d{\nborder-radius:0px 0px 0px 0px;\npadding:0px 0px 0px 0px;\n}\n<\/style>\n<div  class='flex_column av-1a0ye-fcdbffb3a95347362714e2068c99cf6d av_two_fifth  avia-builder-el-6  el_after_av_three_fifth  el_before_av_section  avia-builder-el-last  flex_column_table_cell av-equal-height-column av-align-middle av-zero-column-padding  '     ><div id='av-masonry-1' class='av-masonry av-jrhjhjw5-cf4b1c67d70511d4310fd2ef874097a9 noHover av-fixed-size av-large-gap av-hover-overlay- av-masonry-animation-active av-masonry-col-2 av-caption-always av-caption-style- av-masonry-gallery av-orientation-square ' data-post_id=\"206\"><div class=\"av-masonry-container isotope av-js-disabled\"><div class='av-masonry-entry isotope-item av-masonry-item-no-image '><\/div><a href=\"https:\/\/dax-deluxe.be\/wp-content\/uploads\/2019\/01\/Dax-Deluxe-5-1030x1030.jpg\" data-srcset=\"https:\/\/dax-deluxe.be\/wp-content\/uploads\/2019\/01\/Dax-Deluxe-5-1030x1030.jpg 1030w, https:\/\/dax-deluxe.be\/wp-content\/uploads\/2019\/01\/Dax-Deluxe-5-80x80.jpg 80w, https:\/\/dax-deluxe.be\/wp-content\/uploads\/2019\/01\/Dax-Deluxe-5-300x300.jpg 300w, https:\/\/dax-deluxe.be\/wp-content\/uploads\/2019\/01\/Dax-Deluxe-5-768x768.jpg 768w, https:\/\/dax-deluxe.be\/wp-content\/uploads\/2019\/01\/Dax-Deluxe-5-36x36.jpg 36w, https:\/\/dax-deluxe.be\/wp-content\/uploads\/2019\/01\/Dax-Deluxe-5-180x180.jpg 180w, https:\/\/dax-deluxe.be\/wp-content\/uploads\/2019\/01\/Dax-Deluxe-5-705x705.jpg 705w, https:\/\/dax-deluxe.be\/wp-content\/uploads\/2019\/01\/Dax-Deluxe-5-120x120.jpg 120w, https:\/\/dax-deluxe.be\/wp-content\/uploads\/2019\/01\/Dax-Deluxe-5-450x450.jpg 450w, https:\/\/dax-deluxe.be\/wp-content\/uploads\/2019\/01\/Dax-Deluxe-5.jpg 1200w\" data-sizes=\"(max-width: 1030px) 100vw, 1030px\"  aria-label=\"image Dax Deluxe 5\"  id='av-masonry-1-item-392' data-av-masonry-item='392' class='av-masonry-entry isotope-item post-392 attachment type-attachment status-inherit hentry  av-masonry-item-with-image' title=\"Dax Deluxe 5\" alt=\"\"    itemprop=\"thumbnailUrl\" ><div class='av-inner-masonry-sizer'><\/div><figure class='av-inner-masonry main_color'><div class=\"av-masonry-outerimage-container\"><div class='av-masonry-image-container' style=\"background-image: url(https:\/\/dax-deluxe.be\/wp-content\/uploads\/2019\/01\/Dax-Deluxe-5-705x705.jpg);\"  title=\"Dax Deluxe 5\"  ><\/div><\/div><\/figure><\/a><!--end av-masonry entry--><a href=\"https:\/\/dax-deluxe.be\/wp-content\/uploads\/2019\/01\/Dax-Deluxe-11-1030x1030.jpg\" data-srcset=\"https:\/\/dax-deluxe.be\/wp-content\/uploads\/2019\/01\/Dax-Deluxe-11-1030x1030.jpg 1030w, https:\/\/dax-deluxe.be\/wp-content\/uploads\/2019\/01\/Dax-Deluxe-11-80x80.jpg 80w, https:\/\/dax-deluxe.be\/wp-content\/uploads\/2019\/01\/Dax-Deluxe-11-300x300.jpg 300w, https:\/\/dax-deluxe.be\/wp-content\/uploads\/2019\/01\/Dax-Deluxe-11-768x768.jpg 768w, https:\/\/dax-deluxe.be\/wp-content\/uploads\/2019\/01\/Dax-Deluxe-11-36x36.jpg 36w, https:\/\/dax-deluxe.be\/wp-content\/uploads\/2019\/01\/Dax-Deluxe-11-180x180.jpg 180w, https:\/\/dax-deluxe.be\/wp-content\/uploads\/2019\/01\/Dax-Deluxe-11-705x705.jpg 705w, https:\/\/dax-deluxe.be\/wp-content\/uploads\/2019\/01\/Dax-Deluxe-11-120x120.jpg 120w, https:\/\/dax-deluxe.be\/wp-content\/uploads\/2019\/01\/Dax-Deluxe-11-450x450.jpg 450w, https:\/\/dax-deluxe.be\/wp-content\/uploads\/2019\/01\/Dax-Deluxe-11.jpg 1200w\" data-sizes=\"(max-width: 1030px) 100vw, 1030px\"  aria-label=\"image Dax Deluxe 11\"  id='av-masonry-1-item-394' data-av-masonry-item='394' class='av-masonry-entry isotope-item post-394 attachment type-attachment status-inherit hentry  av-masonry-item-with-image' title=\"Dax Deluxe 11\" alt=\"\"    itemprop=\"thumbnailUrl\" ><div class='av-inner-masonry-sizer'><\/div><figure class='av-inner-masonry main_color'><div class=\"av-masonry-outerimage-container\"><div class='av-masonry-image-container' style=\"background-image: url(https:\/\/dax-deluxe.be\/wp-content\/uploads\/2019\/01\/Dax-Deluxe-11-705x705.jpg);\"  title=\"Dax Deluxe 11\"  ><\/div><\/div><\/figure><\/a><!--end av-masonry entry--><a href=\"https:\/\/dax-deluxe.be\/wp-content\/uploads\/2019\/01\/Dax-Deluxe-14-1030x1030.jpg\" data-srcset=\"https:\/\/dax-deluxe.be\/wp-content\/uploads\/2019\/01\/Dax-Deluxe-14-1030x1030.jpg 1030w, https:\/\/dax-deluxe.be\/wp-content\/uploads\/2019\/01\/Dax-Deluxe-14-80x80.jpg 80w, https:\/\/dax-deluxe.be\/wp-content\/uploads\/2019\/01\/Dax-Deluxe-14-300x300.jpg 300w, https:\/\/dax-deluxe.be\/wp-content\/uploads\/2019\/01\/Dax-Deluxe-14-768x768.jpg 768w, https:\/\/dax-deluxe.be\/wp-content\/uploads\/2019\/01\/Dax-Deluxe-14-36x36.jpg 36w, https:\/\/dax-deluxe.be\/wp-content\/uploads\/2019\/01\/Dax-Deluxe-14-180x180.jpg 180w, https:\/\/dax-deluxe.be\/wp-content\/uploads\/2019\/01\/Dax-Deluxe-14-705x705.jpg 705w, https:\/\/dax-deluxe.be\/wp-content\/uploads\/2019\/01\/Dax-Deluxe-14-120x120.jpg 120w, https:\/\/dax-deluxe.be\/wp-content\/uploads\/2019\/01\/Dax-Deluxe-14-450x450.jpg 450w, https:\/\/dax-deluxe.be\/wp-content\/uploads\/2019\/01\/Dax-Deluxe-14.jpg 1200w\" data-sizes=\"(max-width: 1030px) 100vw, 1030px\"  aria-label=\"image Dax Deluxe 14\"  id='av-masonry-1-item-396' data-av-masonry-item='396' class='av-masonry-entry isotope-item post-396 attachment type-attachment status-inherit hentry  av-masonry-item-with-image' title=\"Dax Deluxe 14\" alt=\"\"    itemprop=\"thumbnailUrl\" ><div class='av-inner-masonry-sizer'><\/div><figure class='av-inner-masonry main_color'><div class=\"av-masonry-outerimage-container\"><div class='av-masonry-image-container' style=\"background-image: url(https:\/\/dax-deluxe.be\/wp-content\/uploads\/2019\/01\/Dax-Deluxe-14-705x705.jpg);\"  title=\"Dax Deluxe 14\"  ><\/div><\/div><\/figure><\/a><!--end av-masonry entry--><a href=\"https:\/\/dax-deluxe.be\/wp-content\/uploads\/2019\/01\/Dax-Deluxe-19-1030x1030.jpg\" data-srcset=\"https:\/\/dax-deluxe.be\/wp-content\/uploads\/2019\/01\/Dax-Deluxe-19-1030x1030.jpg 1030w, https:\/\/dax-deluxe.be\/wp-content\/uploads\/2019\/01\/Dax-Deluxe-19-80x80.jpg 80w, https:\/\/dax-deluxe.be\/wp-content\/uploads\/2019\/01\/Dax-Deluxe-19-300x300.jpg 300w, https:\/\/dax-deluxe.be\/wp-content\/uploads\/2019\/01\/Dax-Deluxe-19-768x768.jpg 768w, https:\/\/dax-deluxe.be\/wp-content\/uploads\/2019\/01\/Dax-Deluxe-19-36x36.jpg 36w, https:\/\/dax-deluxe.be\/wp-content\/uploads\/2019\/01\/Dax-Deluxe-19-180x180.jpg 180w, https:\/\/dax-deluxe.be\/wp-content\/uploads\/2019\/01\/Dax-Deluxe-19-705x705.jpg 705w, https:\/\/dax-deluxe.be\/wp-content\/uploads\/2019\/01\/Dax-Deluxe-19-120x120.jpg 120w, https:\/\/dax-deluxe.be\/wp-content\/uploads\/2019\/01\/Dax-Deluxe-19-450x450.jpg 450w, https:\/\/dax-deluxe.be\/wp-content\/uploads\/2019\/01\/Dax-Deluxe-19.jpg 1200w\" data-sizes=\"(max-width: 1030px) 100vw, 1030px\"  aria-label=\"image Dax Deluxe 19\"  id='av-masonry-1-item-398' data-av-masonry-item='398' class='av-masonry-entry isotope-item post-398 attachment type-attachment status-inherit hentry  av-masonry-item-with-image' title=\"Dax Deluxe 19\" alt=\"\"    itemprop=\"thumbnailUrl\" ><div class='av-inner-masonry-sizer'><\/div><figure class='av-inner-masonry main_color'><div class=\"av-masonry-outerimage-container\"><div class='av-masonry-image-container' style=\"background-image: url(https:\/\/dax-deluxe.be\/wp-content\/uploads\/2019\/01\/Dax-Deluxe-19-705x705.jpg);\"  title=\"Dax Deluxe 19\"  ><\/div><\/div><\/figure><\/a><!--end av-masonry entry--><a href=\"https:\/\/dax-deluxe.be\/wp-content\/uploads\/2019\/01\/Dax-Deluxe-35-1030x1030.jpg\" data-srcset=\"https:\/\/dax-deluxe.be\/wp-content\/uploads\/2019\/01\/Dax-Deluxe-35-1030x1030.jpg 1030w, https:\/\/dax-deluxe.be\/wp-content\/uploads\/2019\/01\/Dax-Deluxe-35-80x80.jpg 80w, https:\/\/dax-deluxe.be\/wp-content\/uploads\/2019\/01\/Dax-Deluxe-35-300x300.jpg 300w, https:\/\/dax-deluxe.be\/wp-content\/uploads\/2019\/01\/Dax-Deluxe-35-768x768.jpg 768w, https:\/\/dax-deluxe.be\/wp-content\/uploads\/2019\/01\/Dax-Deluxe-35-36x36.jpg 36w, https:\/\/dax-deluxe.be\/wp-content\/uploads\/2019\/01\/Dax-Deluxe-35-180x180.jpg 180w, https:\/\/dax-deluxe.be\/wp-content\/uploads\/2019\/01\/Dax-Deluxe-35-705x705.jpg 705w, https:\/\/dax-deluxe.be\/wp-content\/uploads\/2019\/01\/Dax-Deluxe-35-120x120.jpg 120w, https:\/\/dax-deluxe.be\/wp-content\/uploads\/2019\/01\/Dax-Deluxe-35-450x450.jpg 450w, https:\/\/dax-deluxe.be\/wp-content\/uploads\/2019\/01\/Dax-Deluxe-35.jpg 1200w\" data-sizes=\"(max-width: 1030px) 100vw, 1030px\"  aria-label=\"image Dax Deluxe 35\"  id='av-masonry-1-item-430' data-av-masonry-item='430' class='av-masonry-entry isotope-item post-430 attachment type-attachment status-inherit hentry  av-masonry-item-with-image' title=\"Dax Deluxe 35\" alt=\"\"    itemprop=\"thumbnailUrl\" ><div class='av-inner-masonry-sizer'><\/div><figure class='av-inner-masonry main_color'><div class=\"av-masonry-outerimage-container\"><div class='av-masonry-image-container' style=\"background-image: url(https:\/\/dax-deluxe.be\/wp-content\/uploads\/2019\/01\/Dax-Deluxe-35-705x705.jpg);\"  title=\"Dax Deluxe 35\"  ><\/div><\/div><\/figure><\/a><!--end av-masonry entry--><a href=\"https:\/\/dax-deluxe.be\/wp-content\/uploads\/2019\/01\/Dax-Deluxe-29-1030x1030.jpg\" data-srcset=\"https:\/\/dax-deluxe.be\/wp-content\/uploads\/2019\/01\/Dax-Deluxe-29-1030x1030.jpg 1030w, https:\/\/dax-deluxe.be\/wp-content\/uploads\/2019\/01\/Dax-Deluxe-29-80x80.jpg 80w, https:\/\/dax-deluxe.be\/wp-content\/uploads\/2019\/01\/Dax-Deluxe-29-300x300.jpg 300w, https:\/\/dax-deluxe.be\/wp-content\/uploads\/2019\/01\/Dax-Deluxe-29-768x768.jpg 768w, https:\/\/dax-deluxe.be\/wp-content\/uploads\/2019\/01\/Dax-Deluxe-29-36x36.jpg 36w, https:\/\/dax-deluxe.be\/wp-content\/uploads\/2019\/01\/Dax-Deluxe-29-180x180.jpg 180w, https:\/\/dax-deluxe.be\/wp-content\/uploads\/2019\/01\/Dax-Deluxe-29-705x705.jpg 705w, https:\/\/dax-deluxe.be\/wp-content\/uploads\/2019\/01\/Dax-Deluxe-29-120x120.jpg 120w, https:\/\/dax-deluxe.be\/wp-content\/uploads\/2019\/01\/Dax-Deluxe-29-450x450.jpg 450w, https:\/\/dax-deluxe.be\/wp-content\/uploads\/2019\/01\/Dax-Deluxe-29.jpg 1200w\" data-sizes=\"(max-width: 1030px) 100vw, 1030px\"  aria-label=\"image Dax Deluxe 29\"  id='av-masonry-1-item-418' data-av-masonry-item='418' class='av-masonry-entry isotope-item post-418 attachment type-attachment status-inherit hentry  av-masonry-item-with-image' title=\"Dax Deluxe 29\" alt=\"\"    itemprop=\"thumbnailUrl\" ><div class='av-inner-masonry-sizer'><\/div><figure class='av-inner-masonry main_color'><div class=\"av-masonry-outerimage-container\"><div class='av-masonry-image-container' style=\"background-image: url(https:\/\/dax-deluxe.be\/wp-content\/uploads\/2019\/01\/Dax-Deluxe-29-705x705.jpg);\"  title=\"Dax Deluxe 29\"  ><\/div><\/div><\/figure><\/a><!--end av-masonry entry--><a href=\"https:\/\/dax-deluxe.be\/wp-content\/uploads\/2019\/01\/Dax-Deluxe-36-1030x1030.jpg\" data-srcset=\"https:\/\/dax-deluxe.be\/wp-content\/uploads\/2019\/01\/Dax-Deluxe-36-1030x1030.jpg 1030w, https:\/\/dax-deluxe.be\/wp-content\/uploads\/2019\/01\/Dax-Deluxe-36-80x80.jpg 80w, https:\/\/dax-deluxe.be\/wp-content\/uploads\/2019\/01\/Dax-Deluxe-36-300x300.jpg 300w, https:\/\/dax-deluxe.be\/wp-content\/uploads\/2019\/01\/Dax-Deluxe-36-768x768.jpg 768w, https:\/\/dax-deluxe.be\/wp-content\/uploads\/2019\/01\/Dax-Deluxe-36-36x36.jpg 36w, https:\/\/dax-deluxe.be\/wp-content\/uploads\/2019\/01\/Dax-Deluxe-36-180x180.jpg 180w, https:\/\/dax-deluxe.be\/wp-content\/uploads\/2019\/01\/Dax-Deluxe-36-705x705.jpg 705w, https:\/\/dax-deluxe.be\/wp-content\/uploads\/2019\/01\/Dax-Deluxe-36-120x120.jpg 120w, https:\/\/dax-deluxe.be\/wp-content\/uploads\/2019\/01\/Dax-Deluxe-36-450x450.jpg 450w, https:\/\/dax-deluxe.be\/wp-content\/uploads\/2019\/01\/Dax-Deluxe-36.jpg 1200w\" data-sizes=\"(max-width: 1030px) 100vw, 1030px\"  aria-label=\"image Dax Deluxe 36\"  id='av-masonry-1-item-432' data-av-masonry-item='432' class='av-masonry-entry isotope-item post-432 attachment type-attachment status-inherit hentry  av-masonry-item-with-image' title=\"Dax Deluxe 36\" alt=\"\"    itemprop=\"thumbnailUrl\" ><div class='av-inner-masonry-sizer'><\/div><figure class='av-inner-masonry main_color'><div class=\"av-masonry-outerimage-container\"><div class='av-masonry-image-container' style=\"background-image: url(https:\/\/dax-deluxe.be\/wp-content\/uploads\/2019\/01\/Dax-Deluxe-36-705x705.jpg);\"  title=\"Dax Deluxe 36\"  ><\/div><\/div><\/figure><\/a><!--end av-masonry entry--><a href=\"https:\/\/dax-deluxe.be\/wp-content\/uploads\/2019\/01\/Dax-Deluxe-28-1030x1030.jpg\" data-srcset=\"https:\/\/dax-deluxe.be\/wp-content\/uploads\/2019\/01\/Dax-Deluxe-28-1030x1030.jpg 1030w, https:\/\/dax-deluxe.be\/wp-content\/uploads\/2019\/01\/Dax-Deluxe-28-80x80.jpg 80w, https:\/\/dax-deluxe.be\/wp-content\/uploads\/2019\/01\/Dax-Deluxe-28-300x300.jpg 300w, https:\/\/dax-deluxe.be\/wp-content\/uploads\/2019\/01\/Dax-Deluxe-28-768x768.jpg 768w, https:\/\/dax-deluxe.be\/wp-content\/uploads\/2019\/01\/Dax-Deluxe-28-36x36.jpg 36w, https:\/\/dax-deluxe.be\/wp-content\/uploads\/2019\/01\/Dax-Deluxe-28-180x180.jpg 180w, https:\/\/dax-deluxe.be\/wp-content\/uploads\/2019\/01\/Dax-Deluxe-28-705x705.jpg 705w, https:\/\/dax-deluxe.be\/wp-content\/uploads\/2019\/01\/Dax-Deluxe-28-120x120.jpg 120w, https:\/\/dax-deluxe.be\/wp-content\/uploads\/2019\/01\/Dax-Deluxe-28-450x450.jpg 450w, https:\/\/dax-deluxe.be\/wp-content\/uploads\/2019\/01\/Dax-Deluxe-28.jpg 1200w\" data-sizes=\"(max-width: 1030px) 100vw, 1030px\"  aria-label=\"image Dax Deluxe 28\"  id='av-masonry-1-item-416' data-av-masonry-item='416' class='av-masonry-entry isotope-item post-416 attachment type-attachment status-inherit hentry  av-masonry-item-with-image' title=\"Dax Deluxe 28\" alt=\"\"    itemprop=\"thumbnailUrl\" ><div class='av-inner-masonry-sizer'><\/div><figure class='av-inner-masonry main_color'><div class=\"av-masonry-outerimage-container\"><div class='av-masonry-image-container' style=\"background-image: url(https:\/\/dax-deluxe.be\/wp-content\/uploads\/2019\/01\/Dax-Deluxe-28-705x705.jpg);\"  title=\"Dax Deluxe 28\"  ><\/div><\/div><\/figure><\/a><!--end av-masonry entry--><\/div><\/div><\/div><\/div><!--close column table wrapper. Autoclose: 1 --><\/p>\n<\/div><\/div><\/div><!-- close content main div --><\/div><\/div>\n<style type=\"text\/css\" data-created_by=\"avia_inline_auto\" id=\"style-css-av-xlnm-099729e520ef8eb02bb208be51e42453\">\n.avia-section.av-xlnm-099729e520ef8eb02bb208be51e42453{\nbackground-repeat:no-repeat;\nbackground-image:url(https:\/\/dax-deluxe.be\/wp-content\/uploads\/2019\/01\/dax-deluxe-full-width-1.jpg);\nbackground-position:50% 50%;\nbackground-attachment:scroll;\n}\n.avia-section.av-xlnm-099729e520ef8eb02bb208be51e42453 .av-section-color-overlay{\nopacity:0.9;\nbackground-color:#282828;\n}\n<\/style>\n<div id='av_section_1'  class='avia-section av-xlnm-099729e520ef8eb02bb208be51e42453 main_color avia-section-default avia-no-border-styling  avia-builder-el-8  el_after_av_two_fifth  avia-builder-el-last  avia-full-stretch avia-bg-style-scroll av-section-color-overlay-active av-minimum-height av-minimum-height-50 av-height-50  container_wrap fullsize'  data-section-bg-repeat='stretch' data-av_minimum_height_pc='50' data-av_min_height_opt='50'><div class=\"av-section-color-overlay-wrap\"><div class=\"av-section-color-overlay\"><\/div><div class='container av-section-cont-open' ><div class='template-page content  av-content-full alpha units'><div class='post-entry post-entry-type-page post-entry-206'><div class='entry-content-wrapper clearfix'>\n<section  class='av_textblock_section av-jrhjdagi-34075811dc92b1b1eed37bd7df02ab42 '   itemscope=\"itemscope\" itemtype=\"https:\/\/schema.org\/CreativeWork\" ><div class='avia_textblock'  itemprop=\"text\" ><h2 style=\"text-align: center; color: #fff; line-height: 35px;\">En effet, nous d\u00e9sirons que chaque machine restaur\u00e9e et adapt\u00e9e, repr\u00e9sente et refl\u00e8te les go\u00fbts et les souhaits uniques du propri\u00e9taire.<\/h2>\n<\/div><\/section>\n\n<style type=\"text\/css\" data-created_by=\"avia_inline_auto\" id=\"style-css-av-jrhkmzsg-3d48e34558a98293f2e77fcbe48489a1\">\n#top .hr.av-jrhkmzsg-3d48e34558a98293f2e77fcbe48489a1{\nmargin-top:0px;\nmargin-bottom:0px;\n}\n.hr.av-jrhkmzsg-3d48e34558a98293f2e77fcbe48489a1 .hr-inner{\nwidth:100px;\nborder-color:#ffffff;\nmax-width:45%;\n}\n.hr.av-jrhkmzsg-3d48e34558a98293f2e77fcbe48489a1 .av-seperator-icon{\ncolor:#ffffff;\n}\n<\/style>\n<div  class='hr av-jrhkmzsg-3d48e34558a98293f2e77fcbe48489a1 hr-custom  avia-builder-el-10  el_after_av_textblock  avia-builder-el-last  hr-center hr-icon-yes'><span class='hr-inner inner-border-av-border-thin'><span class=\"hr-inner-style\"><\/span><\/span><span class='av-seperator-icon' aria-hidden='true' data-av_icon='\ue883' data-av_iconfont='entypo-fontello'><\/span><span class='hr-inner inner-border-av-border-thin'><span class=\"hr-inner-style\"><\/span><\/span><\/div>\n\n","protected":false},"excerpt":{"rendered":"","protected":false},"author":1,"featured_media":0,"parent":0,"menu_order":0,"comment_status":"closed","ping_status":"closed","template":"","meta":{"footnotes":""},"class_list":["post-206","page","type-page","status-publish","hentry"],"_links":{"self":[{"href":"https:\/\/dax-deluxe.be\/fr\/wp-json\/wp\/v2\/pages\/206","targetHints":{"allow":["GET"]}}],"collection":[{"href":"https:\/\/dax-deluxe.be\/fr\/wp-json\/wp\/v2\/pages"}],"about":[{"href":"https:\/\/dax-deluxe.be\/fr\/wp-json\/wp\/v2\/types\/page"}],"author":[{"embeddable":true,"href":"https:\/\/dax-deluxe.be\/fr\/wp-json\/wp\/v2\/users\/1"}],"replies":[{"embeddable":true,"href":"https:\/\/dax-deluxe.be\/fr\/wp-json\/wp\/v2\/comments?post=206"}],"version-history":[{"count":7,"href":"https:\/\/dax-deluxe.be\/fr\/wp-json\/wp\/v2\/pages\/206\/revisions"}],"predecessor-version":[{"id":286,"href":"https:\/\/dax-deluxe.be\/fr\/wp-json\/wp\/v2\/pages\/206\/revisions\/286"}],"wp:attachment":[{"href":"https:\/\/dax-deluxe.be\/fr\/wp-json\/wp\/v2\/media?parent=206"}],"curies":[{"name":"wp","href":"https:\/\/api.w.org\/{rel}","templated":true}]}}