{"id":224,"date":"2019-02-01T11:08:07","date_gmt":"2019-02-01T11:08:07","guid":{"rendered":"https:\/\/dax-deluxe.be\/?page_id=224"},"modified":"2019-02-01T11:09:38","modified_gmt":"2019-02-01T11:09:38","slug":"honda-dax","status":"publish","type":"page","link":"https:\/\/dax-deluxe.be\/fr\/honda-dax\/","title":{"rendered":"Honda DAX"},"content":{"rendered":"<div id='revolutionslider_1'  class='avia-layerslider avia-revolutionslider main_color avia-shadow  avia-builder-el-0  el_before_av_three_fifth  avia-builder-el-first   container_wrap fullsize'  >\n\t\t\t<!-- START hondadax REVOLUTION SLIDER 6.6.16 --><p class=\"rs-p-wp-fix\"><\/p>\n\t\t\t<rs-module-wrap id=\"rev_slider_3_1_wrapper\" data-source=\"gallery\" style=\"visibility:hidden;background:transparent;padding:0;margin:0px auto;margin-top:0;margin-bottom:0;\">\n\t\t\t\t<rs-module id=\"rev_slider_3_1\" style=\"\" data-version=\"6.6.16\">\n\t\t\t\t\t<rs-slides style=\"overflow: hidden; position: absolute;\">\n\t\t\t\t\t\t<rs-slide style=\"position: absolute;\" data-key=\"rs-7\" data-title=\"Slide\" data-anim=\"adpr:false;\">\n\t\t\t\t\t\t\t<img decoding=\"async\" src=\"\/\/dax-deluxe.be\/wp-content\/plugins\/revslider\/public\/assets\/assets\/dummy.png\" alt=\"\" title=\"Honda DAX\" class=\"rev-slidebg tp-rs-img rs-lazyload\" data-lazyload=\"\/\/dax-deluxe.be\/wp-content\/uploads\/2019\/01\/honda-dax-slide.jpg\" data-no-retina>\n<!--\n\t\t\t\t\t\t\t--><rs-layer\n\t\t\t\t\t\t\t\tid=\"slider-3-slide-7-layer-1\" \n\t\t\t\t\t\t\t\tclass=\"tp-shape tp-shapewrapper\"\n\t\t\t\t\t\t\t\tdata-type=\"shape\"\n\t\t\t\t\t\t\t\tdata-rsp_ch=\"on\"\n\t\t\t\t\t\t\t\tdata-xy=\"x:c;y:c;\"\n\t\t\t\t\t\t\t\tdata-text=\"fw:100;a:inherit;\"\n\t\t\t\t\t\t\t\tdata-dim=\"w:100%;h:100%;\"\n\t\t\t\t\t\t\t\tdata-basealign=\"slide\"\n\t\t\t\t\t\t\t\tdata-frame_0=\"tp:600;\"\n\t\t\t\t\t\t\t\tdata-frame_1=\"tp:600;st:0;\"\n\t\t\t\t\t\t\t\tdata-frame_999=\"o:0;tp:600;st:w;sR:8700;\"\n\t\t\t\t\t\t\t\tstyle=\"z-index:5;background-color:rgba(0,0,0,0.5);\"\n\t\t\t\t\t\t\t> \n\t\t\t\t\t\t\t<\/rs-layer><!--\n-->\t\t\t\t\t\t<\/rs-slide>\n\t\t\t\t\t<\/rs-slides>\n\t\t\t\t<\/rs-module>\n\t\t\t\t<script>\n\t\t\t\t\tsetREVStartSize({c: 'rev_slider_3_1',rl:[1240,1024,778,480],el:[],gw:[1800],gh:[600],type:'hero',justify:'',layout:'fullwidth',mh:\"0\"});if (window.RS_MODULES!==undefined && window.RS_MODULES.modules!==undefined && window.RS_MODULES.modules[\"revslider31\"]!==undefined) {window.RS_MODULES.modules[\"revslider31\"].once = false;window.revapi3 = undefined;if (window.RS_MODULES.checkMinimal!==undefined) window.RS_MODULES.checkMinimal()}\n\t\t\t\t<\/script>\n\t\t\t<\/rs-module-wrap>\n\t\t\t<!-- END REVOLUTION SLIDER -->\n<\/div><div id='after_revolutionslider_1'  class='main_color av_default_container_wrap container_wrap fullsize'  ><div class='container av-section-cont-open' ><div class='template-page content  av-content-full alpha units'><div class='post-entry post-entry-type-page post-entry-224'><div class='entry-content-wrapper clearfix'>\n<div class='flex_column_table av-1s318-858e51837aaa85b09169fdcad657d185 sc-av_three_fifth av-equal-height-column-flextable'>\n<style type=\"text\/css\" data-created_by=\"avia_inline_auto\" id=\"style-css-av-1s318-858e51837aaa85b09169fdcad657d185\">\n.flex_column.av-1s318-858e51837aaa85b09169fdcad657d185{\nborder-radius:0px 0px 0px 0px;\npadding:0px 0px 0px 0px;\n}\n<\/style>\n<div  class='flex_column av-1s318-858e51837aaa85b09169fdcad657d185 av_three_fifth  avia-builder-el-1  el_after_av_revolutionslider  el_before_av_two_fifth  avia-builder-el-first  first flex_column_table_cell av-equal-height-column av-align-middle av-zero-column-padding  '     ><p>\n<style type=\"text\/css\" data-created_by=\"avia_inline_auto\" id=\"style-css-av-jrlwy441-e71f12477b70a5dae923760aacfa17c2\">\n.avia-image-container.av-jrlwy441-e71f12477b70a5dae923760aacfa17c2 img.avia_image{\nbox-shadow:none;\n}\n.avia-image-container.av-jrlwy441-e71f12477b70a5dae923760aacfa17c2 .av-image-caption-overlay-center{\ncolor:#ffffff;\n}\n<\/style>\n<div  class='avia-image-container av-jrlwy441-e71f12477b70a5dae923760aacfa17c2 av-styling- avia-align-center  avia-builder-el-2  el_before_av_textblock  avia-builder-el-first  text-img'   itemprop=\"image\" itemscope=\"itemscope\" itemtype=\"https:\/\/schema.org\/ImageObject\" ><div class=\"avia-image-container-inner\"><div class=\"avia-image-overlay-wrap\"><img decoding=\"async\" class='wp-image-458 avia-img-lazy-loading-not-458 avia_image ' src=\"https:\/\/dax-deluxe.be\/wp-content\/uploads\/2019\/02\/honda-dax-2-300x94.png\" alt='' title='honda-dax'  height=\"94\" width=\"300\"  itemprop=\"thumbnailUrl\" srcset=\"https:\/\/dax-deluxe.be\/wp-content\/uploads\/2019\/02\/honda-dax-2-300x94.png 300w, https:\/\/dax-deluxe.be\/wp-content\/uploads\/2019\/02\/honda-dax-2.png 325w\" sizes=\"(max-width: 300px) 100vw, 300px\" \/><\/div><\/div><\/div><br \/>\n<section  class='av_textblock_section av-qwas-f967d51a5aee65d1c2f84677f7059819 '   itemscope=\"itemscope\" itemtype=\"https:\/\/schema.org\/CreativeWork\" ><div class='avia_textblock'  itemprop=\"text\" ><h1 style=\"text-align: center;\">HONDA DAX<\/h1>\n<p style=\"text-align: justify;\">Apr\u00e8s que Mr Soichiro Honda (directeur de la Honda Corp.), qui a eu un immense succ\u00e8s avec ses moteurs et cyclomoteurs type C. a voulu d\u00e9velopper quelque chose de nouveau. Honda a souhait\u00e9 de cr\u00e9er un mod\u00e8le adapt\u00e9 qui pourrait \u00e9galement rouler dans les ruelles les plus \u00e9troites de Tokyo.<\/p>\n<p style=\"text-align: justify;\">Cela a abouti \u00e0 la <strong>Honda Monkey<\/strong>. Le probl\u00e8me avec la Monkey consistait qu\u2019elle \u00e9tait destin\u00e9e seulement pour une personne. Il a donc fallu mettre au point un deux-roues compact et petit, mais qui \u00e9tait aussi facilement dans le trafic et qui pouvait transporter deux personnes.<\/p>\n<p style=\"text-align: justify;\">Pour r\u00e9pondre \u00e0 cela, Honda a pens\u00e9 qu\u2019il serait pratique de construire la Dax non seulement en <strong>version 50cc, mais aussi en 70cc<\/strong>. Le d\u00e9veloppement du Dax a commenc\u00e9 \u00e0 la fin de 1967 et un prototype a \u00e9t\u00e9 pr\u00e9sent\u00e9 en 1968.<\/p>\n<\/div><\/section><\/p><\/div><div class='av-flex-placeholder'><\/div>\n<style type=\"text\/css\" data-created_by=\"avia_inline_auto\" id=\"style-css-av-1jyts-50aa9c4859e69d3aabe7c5f75a844c65\">\n.flex_column.av-1jyts-50aa9c4859e69d3aabe7c5f75a844c65{\nborder-radius:0px 0px 0px 0px;\npadding:0px 0px 0px 0px;\n}\n<\/style>\n<div  class='flex_column av-1jyts-50aa9c4859e69d3aabe7c5f75a844c65 av_two_fifth  avia-builder-el-4  el_after_av_three_fifth  el_before_av_hr  flex_column_table_cell av-equal-height-column av-align-middle av-zero-column-padding  '     ><p>\n<style type=\"text\/css\" data-created_by=\"avia_inline_auto\" id=\"style-css-av-jrgj80qq-a095aac3f9dc718746a6cf22742c4acb\">\n#top .hr.hr-invisible.av-jrgj80qq-a095aac3f9dc718746a6cf22742c4acb{\nheight:20px;\n}\n<\/style>\n<div  class='hr av-jrgj80qq-a095aac3f9dc718746a6cf22742c4acb hr-invisible  avia-builder-el-5  el_before_av_masonry_gallery  avia-builder-el-no-sibling  av-small-hide av-mini-hide'><span class='hr-inner '><span class=\"hr-inner-style\"><\/span><\/span><\/div><br \/>\n<div id='av-masonry-1' class='av-masonry av-jrgj6mmc-8703cf6507c7f4addf789b4ddabfc3a7 noHover av-fixed-size av-large-gap av-hover-overlay-grayscale av-masonry-animation-active av-masonry-col-2 av-caption-always av-caption-style- av-masonry-gallery av-orientation-square ' data-post_id=\"224\"><div class=\"av-masonry-container isotope av-js-disabled\"><div class='av-masonry-entry isotope-item av-masonry-item-no-image '><\/div><a href=\"https:\/\/dax-deluxe.be\/wp-content\/uploads\/2019\/01\/Dax-Deluxe-7-1030x1030.jpg\" data-srcset=\"https:\/\/dax-deluxe.be\/wp-content\/uploads\/2019\/01\/Dax-Deluxe-7-1030x1030.jpg 1030w, https:\/\/dax-deluxe.be\/wp-content\/uploads\/2019\/01\/Dax-Deluxe-7-80x80.jpg 80w, https:\/\/dax-deluxe.be\/wp-content\/uploads\/2019\/01\/Dax-Deluxe-7-300x300.jpg 300w, https:\/\/dax-deluxe.be\/wp-content\/uploads\/2019\/01\/Dax-Deluxe-7-768x768.jpg 768w, https:\/\/dax-deluxe.be\/wp-content\/uploads\/2019\/01\/Dax-Deluxe-7-36x36.jpg 36w, https:\/\/dax-deluxe.be\/wp-content\/uploads\/2019\/01\/Dax-Deluxe-7-180x180.jpg 180w, https:\/\/dax-deluxe.be\/wp-content\/uploads\/2019\/01\/Dax-Deluxe-7-705x705.jpg 705w, https:\/\/dax-deluxe.be\/wp-content\/uploads\/2019\/01\/Dax-Deluxe-7-120x120.jpg 120w, https:\/\/dax-deluxe.be\/wp-content\/uploads\/2019\/01\/Dax-Deluxe-7-450x450.jpg 450w, https:\/\/dax-deluxe.be\/wp-content\/uploads\/2019\/01\/Dax-Deluxe-7.jpg 1200w\" data-sizes=\"(max-width: 1030px) 100vw, 1030px\"  aria-label=\"image Dax Deluxe 7\"  id='av-masonry-1-item-380' data-av-masonry-item='380' class='av-masonry-entry isotope-item post-380 attachment type-attachment status-inherit hentry  av-masonry-item-with-image' title=\"Dax Deluxe 7\" alt=\"\"    itemprop=\"thumbnailUrl\" ><div class='av-inner-masonry-sizer'><\/div><figure class='av-inner-masonry main_color'><div class=\"av-masonry-outerimage-container\"><div class='av-masonry-image-container' style=\"background-image: url(https:\/\/dax-deluxe.be\/wp-content\/uploads\/2019\/01\/Dax-Deluxe-7-705x705.jpg);\"  title=\"Dax Deluxe 7\"  ><\/div><\/div><\/figure><\/a><!--end av-masonry entry--><a href=\"https:\/\/dax-deluxe.be\/wp-content\/uploads\/2019\/01\/Dax-Deluxe-12-1030x1030.jpg\" data-srcset=\"https:\/\/dax-deluxe.be\/wp-content\/uploads\/2019\/01\/Dax-Deluxe-12-1030x1030.jpg 1030w, https:\/\/dax-deluxe.be\/wp-content\/uploads\/2019\/01\/Dax-Deluxe-12-80x80.jpg 80w, https:\/\/dax-deluxe.be\/wp-content\/uploads\/2019\/01\/Dax-Deluxe-12-300x300.jpg 300w, https:\/\/dax-deluxe.be\/wp-content\/uploads\/2019\/01\/Dax-Deluxe-12-768x768.jpg 768w, https:\/\/dax-deluxe.be\/wp-content\/uploads\/2019\/01\/Dax-Deluxe-12-36x36.jpg 36w, https:\/\/dax-deluxe.be\/wp-content\/uploads\/2019\/01\/Dax-Deluxe-12-180x180.jpg 180w, https:\/\/dax-deluxe.be\/wp-content\/uploads\/2019\/01\/Dax-Deluxe-12-705x705.jpg 705w, https:\/\/dax-deluxe.be\/wp-content\/uploads\/2019\/01\/Dax-Deluxe-12-120x120.jpg 120w, https:\/\/dax-deluxe.be\/wp-content\/uploads\/2019\/01\/Dax-Deluxe-12-450x450.jpg 450w, https:\/\/dax-deluxe.be\/wp-content\/uploads\/2019\/01\/Dax-Deluxe-12.jpg 1200w\" data-sizes=\"(max-width: 1030px) 100vw, 1030px\"  aria-label=\"image Dax Deluxe 12\"  id='av-masonry-1-item-382' data-av-masonry-item='382' class='av-masonry-entry isotope-item post-382 attachment type-attachment status-inherit hentry  av-masonry-item-with-image' title=\"Dax Deluxe 12\" alt=\"\"    itemprop=\"thumbnailUrl\" ><div class='av-inner-masonry-sizer'><\/div><figure class='av-inner-masonry main_color'><div class=\"av-masonry-outerimage-container\"><div class='av-masonry-image-container' style=\"background-image: url(https:\/\/dax-deluxe.be\/wp-content\/uploads\/2019\/01\/Dax-Deluxe-12-705x705.jpg);\"  title=\"Dax Deluxe 12\"  ><\/div><\/div><\/figure><\/a><!--end av-masonry entry--><a href=\"https:\/\/dax-deluxe.be\/wp-content\/uploads\/2019\/01\/Dax-Deluxe-15-1030x1030.jpg\" data-srcset=\"https:\/\/dax-deluxe.be\/wp-content\/uploads\/2019\/01\/Dax-Deluxe-15-1030x1030.jpg 1030w, https:\/\/dax-deluxe.be\/wp-content\/uploads\/2019\/01\/Dax-Deluxe-15-80x80.jpg 80w, https:\/\/dax-deluxe.be\/wp-content\/uploads\/2019\/01\/Dax-Deluxe-15-300x300.jpg 300w, https:\/\/dax-deluxe.be\/wp-content\/uploads\/2019\/01\/Dax-Deluxe-15-768x768.jpg 768w, https:\/\/dax-deluxe.be\/wp-content\/uploads\/2019\/01\/Dax-Deluxe-15-36x36.jpg 36w, https:\/\/dax-deluxe.be\/wp-content\/uploads\/2019\/01\/Dax-Deluxe-15-180x180.jpg 180w, https:\/\/dax-deluxe.be\/wp-content\/uploads\/2019\/01\/Dax-Deluxe-15-705x705.jpg 705w, https:\/\/dax-deluxe.be\/wp-content\/uploads\/2019\/01\/Dax-Deluxe-15-120x120.jpg 120w, https:\/\/dax-deluxe.be\/wp-content\/uploads\/2019\/01\/Dax-Deluxe-15-450x450.jpg 450w, https:\/\/dax-deluxe.be\/wp-content\/uploads\/2019\/01\/Dax-Deluxe-15.jpg 1200w\" data-sizes=\"(max-width: 1030px) 100vw, 1030px\"  aria-label=\"image Dax Deluxe 15\"  id='av-masonry-1-item-384' data-av-masonry-item='384' class='av-masonry-entry isotope-item post-384 attachment type-attachment status-inherit hentry  av-masonry-item-with-image' title=\"Dax Deluxe 15\" alt=\"\"    itemprop=\"thumbnailUrl\" ><div class='av-inner-masonry-sizer'><\/div><figure class='av-inner-masonry main_color'><div class=\"av-masonry-outerimage-container\"><div class='av-masonry-image-container' style=\"background-image: url(https:\/\/dax-deluxe.be\/wp-content\/uploads\/2019\/01\/Dax-Deluxe-15-705x705.jpg);\"  title=\"Dax Deluxe 15\"  ><\/div><\/div><\/figure><\/a><!--end av-masonry entry--><a href=\"https:\/\/dax-deluxe.be\/wp-content\/uploads\/2019\/01\/Dax-Deluxe-18-1030x1030.jpg\" data-srcset=\"https:\/\/dax-deluxe.be\/wp-content\/uploads\/2019\/01\/Dax-Deluxe-18-1030x1030.jpg 1030w, https:\/\/dax-deluxe.be\/wp-content\/uploads\/2019\/01\/Dax-Deluxe-18-80x80.jpg 80w, https:\/\/dax-deluxe.be\/wp-content\/uploads\/2019\/01\/Dax-Deluxe-18-300x300.jpg 300w, https:\/\/dax-deluxe.be\/wp-content\/uploads\/2019\/01\/Dax-Deluxe-18-768x768.jpg 768w, https:\/\/dax-deluxe.be\/wp-content\/uploads\/2019\/01\/Dax-Deluxe-18-36x36.jpg 36w, https:\/\/dax-deluxe.be\/wp-content\/uploads\/2019\/01\/Dax-Deluxe-18-180x180.jpg 180w, https:\/\/dax-deluxe.be\/wp-content\/uploads\/2019\/01\/Dax-Deluxe-18-705x705.jpg 705w, https:\/\/dax-deluxe.be\/wp-content\/uploads\/2019\/01\/Dax-Deluxe-18-120x120.jpg 120w, https:\/\/dax-deluxe.be\/wp-content\/uploads\/2019\/01\/Dax-Deluxe-18-450x450.jpg 450w, https:\/\/dax-deluxe.be\/wp-content\/uploads\/2019\/01\/Dax-Deluxe-18.jpg 1200w\" data-sizes=\"(max-width: 1030px) 100vw, 1030px\"  aria-label=\"image Dax Deluxe 18\"  id='av-masonry-1-item-386' data-av-masonry-item='386' class='av-masonry-entry isotope-item post-386 attachment type-attachment status-inherit hentry  av-masonry-item-with-image' title=\"Dax Deluxe 18\" alt=\"\"    itemprop=\"thumbnailUrl\" ><div class='av-inner-masonry-sizer'><\/div><figure class='av-inner-masonry main_color'><div class=\"av-masonry-outerimage-container\"><div class='av-masonry-image-container' style=\"background-image: url(https:\/\/dax-deluxe.be\/wp-content\/uploads\/2019\/01\/Dax-Deluxe-18-705x705.jpg);\"  title=\"Dax Deluxe 18\"  ><\/div><\/div><\/figure><\/a><!--end av-masonry entry--><\/div><\/div><\/p><\/div><\/div><!--close column table wrapper. Autoclose: 1 --><\/p>\n\n<style type=\"text\/css\" data-created_by=\"avia_inline_auto\" id=\"style-css-av-jrgj4r8g-c833fe9b3e0c9e48998724cf3196e2e9\">\n#top .hr.hr-invisible.av-jrgj4r8g-c833fe9b3e0c9e48998724cf3196e2e9{\nheight:50px;\n}\n<\/style>\n<div  class='hr av-jrgj4r8g-c833fe9b3e0c9e48998724cf3196e2e9 hr-invisible  avia-builder-el-7  el_after_av_two_fifth  el_before_av_section  avia-builder-el-last '><span class='hr-inner '><span class=\"hr-inner-style\"><\/span><\/span><\/div>\n<\/div><\/div><\/div><!-- close content main div --><\/div><\/div>\n<style type=\"text\/css\" data-created_by=\"avia_inline_auto\" id=\"style-css-av-jrgjb13w-d0e5145a4cc326c5e462bd3c607fcf79\">\n.avia-section.av-jrgjb13w-d0e5145a4cc326c5e462bd3c607fcf79{\nbackground-color:#424242;\nbackground-image:unset;\n}\n<\/style>\n<div id='av_section_1'  class='avia-section av-jrgjb13w-d0e5145a4cc326c5e462bd3c607fcf79 main_color avia-section-default avia-no-border-styling  avia-builder-el-8  el_after_av_hr  avia-builder-el-last  avia-bg-style-scroll container_wrap fullsize'  ><div class='container av-section-cont-open' ><div class='template-page content  av-content-full alpha units'><div class='post-entry post-entry-type-page post-entry-224'><div class='entry-content-wrapper clearfix'>\n<div class='flex_column_table av-q4lk-96b41ab68b0f9d19aff4ecbe8a812048 sc-av_three_fifth av-equal-height-column-flextable'>\n<style type=\"text\/css\" data-created_by=\"avia_inline_auto\" id=\"style-css-av-q4lk-96b41ab68b0f9d19aff4ecbe8a812048\">\n.flex_column.av-q4lk-96b41ab68b0f9d19aff4ecbe8a812048{\nborder-radius:0px 0px 0px 0px;\npadding:0px 0px 0px 0px;\n}\n<\/style>\n<div  class='flex_column av-q4lk-96b41ab68b0f9d19aff4ecbe8a812048 av_three_fifth  avia-builder-el-9  el_before_av_two_fifth  avia-builder-el-first  first flex_column_table_cell av-equal-height-column av-align-middle av-zero-column-padding  '     ><p>\n<style type=\"text\/css\" data-created_by=\"avia_inline_auto\" id=\"style-css-av-jrgiyrtz-9d738022588624b2b32b6af1b22bf5d9\">\n.avia-image-container.av-jrgiyrtz-9d738022588624b2b32b6af1b22bf5d9 img.avia_image{\nbox-shadow:none;\n}\n.avia-image-container.av-jrgiyrtz-9d738022588624b2b32b6af1b22bf5d9 .av-image-caption-overlay-center{\ncolor:#ffffff;\n}\n<\/style>\n<div  class='avia-image-container av-jrgiyrtz-9d738022588624b2b32b6af1b22bf5d9 av-styling- avia-align-center  avia-builder-el-10  el_before_av_hr  avia-builder-el-first '   itemprop=\"image\" itemscope=\"itemscope\" itemtype=\"https:\/\/schema.org\/ImageObject\" ><div class=\"avia-image-container-inner\"><div class=\"avia-image-overlay-wrap\"><img decoding=\"async\" class='wp-image-378 avia-img-lazy-loading-not-378 avia_image ' src=\"https:\/\/dax-deluxe.be\/wp-content\/uploads\/2019\/01\/honda-daxembleem-transp-small.png\" alt='' title='honda-daxembleem-transp-small'  height=\"101\" width=\"200\"  itemprop=\"thumbnailUrl\"  \/><\/div><\/div><\/div><br \/>\n\n<style type=\"text\/css\" data-created_by=\"avia_inline_auto\" id=\"style-css-av-jrlwujm3-6559506d264d3668ae2f9ec798433e6b\">\n#top .hr.hr-invisible.av-jrlwujm3-6559506d264d3668ae2f9ec798433e6b{\nheight:10px;\n}\n<\/style>\n<div  class='hr av-jrlwujm3-6559506d264d3668ae2f9ec798433e6b hr-invisible  avia-builder-el-11  el_after_av_image  el_before_av_textblock '><span class='hr-inner '><span class=\"hr-inner-style\"><\/span><\/span><\/div><br \/>\n<section  class='av_textblock_section av-jrghitj6-3f3faf32e0668557d1f61c4e82c67119 '   itemscope=\"itemscope\" itemtype=\"https:\/\/schema.org\/CreativeWork\" ><div class='avia_textblock'  itemprop=\"text\" ><p style=\"text-align: justify;\"><strong>En 1969, le Dax \u00e9tait pr\u00eat pour la production.<\/strong> Cette version de production avait un phare l\u00e9g\u00e8rement plus grand que le prototype, un \u00e9chappement diff\u00e9rent et la fourche d\u2019avant \u00e9tait redress\u00e9. La version de production avait \u00e9galement un bras oscillant plus commun avec deux amortisseurs et une selle l\u00e9g\u00e8rement diff\u00e9rente. Fait int\u00e9ressant, la fourche avant \u00e9tait amovible de sorte que le Dax puisse \u00eatre facilement transport\u00e9, par exemple \u00e0 l&rsquo;arri\u00e8re d&rsquo;une voiture.<\/p>\n<\/div><\/section><\/p><\/div><div class='av-flex-placeholder'><\/div>\n<style type=\"text\/css\" data-created_by=\"avia_inline_auto\" id=\"style-css-av-1jyts-8a20da506882dd471df153f6e8f35528\">\n.flex_column.av-1jyts-8a20da506882dd471df153f6e8f35528{\nborder-radius:0px 0px 0px 0px;\npadding:0px 0px 0px 0px;\n}\n<\/style>\n<div  class='flex_column av-1jyts-8a20da506882dd471df153f6e8f35528 av_two_fifth  avia-builder-el-13  el_after_av_three_fifth  avia-builder-el-last  flex_column_table_cell av-equal-height-column av-align-middle av-zero-column-padding  '     ><style type=\"text\/css\" data-created_by=\"avia_inline_auto\" id=\"style-css-av-jrgip3r9-996fdb3b375f0854802e815df715dac0\">\n.avia-image-container.av-jrgip3r9-996fdb3b375f0854802e815df715dac0 img.avia_image{\nbox-shadow:none;\n}\n.avia-image-container.av-jrgip3r9-996fdb3b375f0854802e815df715dac0 .av-image-caption-overlay-center{\ncolor:#ffffff;\n}\n<\/style>\n<div  class='avia-image-container av-jrgip3r9-996fdb3b375f0854802e815df715dac0 av-styling- avia-align-center  avia-builder-el-14  avia-builder-el-no-sibling '   itemprop=\"image\" itemscope=\"itemscope\" itemtype=\"https:\/\/schema.org\/ImageObject\" ><div class=\"avia-image-container-inner\"><div class=\"avia-image-overlay-wrap\"><img decoding=\"async\" class='wp-image-374 avia-img-lazy-loading-not-374 avia_image ' src=\"https:\/\/dax-deluxe.be\/wp-content\/uploads\/2019\/01\/st-prototype.jpg\" alt='' title='st-prototype'  height=\"357\" width=\"500\"  itemprop=\"thumbnailUrl\" srcset=\"https:\/\/dax-deluxe.be\/wp-content\/uploads\/2019\/01\/st-prototype.jpg 500w, https:\/\/dax-deluxe.be\/wp-content\/uploads\/2019\/01\/st-prototype-300x214.jpg 300w, https:\/\/dax-deluxe.be\/wp-content\/uploads\/2019\/01\/st-prototype-260x185.jpg 260w, https:\/\/dax-deluxe.be\/wp-content\/uploads\/2019\/01\/st-prototype-450x321.jpg 450w\" sizes=\"(max-width: 500px) 100vw, 500px\" \/><\/div><\/div><\/div><\/div><\/div><!--close column table wrapper. Autoclose: 1 -->\n","protected":false},"excerpt":{"rendered":"","protected":false},"author":1,"featured_media":0,"parent":0,"menu_order":0,"comment_status":"closed","ping_status":"closed","template":"","meta":{"footnotes":""},"class_list":["post-224","page","type-page","status-publish","hentry"],"_links":{"self":[{"href":"https:\/\/dax-deluxe.be\/fr\/wp-json\/wp\/v2\/pages\/224","targetHints":{"allow":["GET"]}}],"collection":[{"href":"https:\/\/dax-deluxe.be\/fr\/wp-json\/wp\/v2\/pages"}],"about":[{"href":"https:\/\/dax-deluxe.be\/fr\/wp-json\/wp\/v2\/types\/page"}],"author":[{"embeddable":true,"href":"https:\/\/dax-deluxe.be\/fr\/wp-json\/wp\/v2\/users\/1"}],"replies":[{"embeddable":true,"href":"https:\/\/dax-deluxe.be\/fr\/wp-json\/wp\/v2\/comments?post=224"}],"version-history":[{"count":3,"href":"https:\/\/dax-deluxe.be\/fr\/wp-json\/wp\/v2\/pages\/224\/revisions"}],"predecessor-version":[{"id":226,"href":"https:\/\/dax-deluxe.be\/fr\/wp-json\/wp\/v2\/pages\/224\/revisions\/226"}],"wp:attachment":[{"href":"https:\/\/dax-deluxe.be\/fr\/wp-json\/wp\/v2\/media?parent=224"}],"curies":[{"name":"wp","href":"https:\/\/api.w.org\/{rel}","templated":true}]}}