{"id":278,"date":"2019-02-01T11:34:42","date_gmt":"2019-02-01T11:34:42","guid":{"rendered":"https:\/\/dax-deluxe.be\/?page_id=278"},"modified":"2019-02-01T11:51:23","modified_gmt":"2019-02-01T11:51:23","slug":"home","status":"publish","type":"page","link":"https:\/\/dax-deluxe.be\/fr\/","title":{"rendered":"Accueil"},"content":{"rendered":"<div id='revolutionslider_1'  class='avia-layerslider avia-revolutionslider main_color avia-shadow  avia-builder-el-0  el_before_av_two_fifth  avia-builder-el-first   container_wrap fullsize'  >\n\t\t\t<!-- START homepagefr REVOLUTION SLIDER 6.6.16 --><p class=\"rs-p-wp-fix\"><\/p>\n\t\t\t<rs-module-wrap id=\"rev_slider_5_1_wrapper\" data-source=\"gallery\" style=\"visibility:hidden;background:transparent;padding:0;\">\n\t\t\t\t<rs-module id=\"rev_slider_5_1\" style=\"\" data-version=\"6.6.16\">\n\t\t\t\t\t<rs-slides style=\"overflow: hidden; position: absolute;\">\n\t\t\t\t\t\t<rs-slide style=\"position: absolute;\" data-key=\"rs-13\" data-title=\"Slide\" data-thumb=\"\/\/dax-deluxe.be\/wp-content\/uploads\/2019\/01\/Dax-Deluxe-header-1-100x50.jpg\" data-anim=\"adpr:false;\">\n\t\t\t\t\t\t\t<img decoding=\"async\" src=\"\/\/dax-deluxe.be\/wp-content\/plugins\/revslider\/public\/assets\/assets\/dummy.png\" alt=\"\" title=\"Accueil\" class=\"rev-slidebg tp-rs-img rs-lazyload\" data-lazyload=\"\/\/dax-deluxe.be\/wp-content\/uploads\/2019\/01\/Dax-Deluxe-header-1.jpg\" data-panzoom=\"d:10000;ss:100;se:110;\" data-no-retina>\n<!--\n\t\t\t\t\t\t\t--><rs-layer\n\t\t\t\t\t\t\t\tid=\"slider-5-slide-13-layer-1\" \n\t\t\t\t\t\t\t\tdata-type=\"text\"\n\t\t\t\t\t\t\t\tdata-rsp_ch=\"on\"\n\t\t\t\t\t\t\t\tdata-xy=\"x:l,l,l,c;xo:149px,149px,149px,0;y:t,t,t,m;yo:799px,799px,799px,0;\"\n\t\t\t\t\t\t\t\tdata-text=\"w:normal;s:40,40,40,25;l:50;a:inherit,inherit,inherit,center;\"\n\t\t\t\t\t\t\t\tdata-dim=\"w:1597px,1597px,1597px,450px;h:166px,166px,166px,auto;\"\n\t\t\t\t\t\t\t\tdata-frame_0=\"sX:0.8;sY:0.8;tp:600;\"\n\t\t\t\t\t\t\t\tdata-frame_1=\"tp:600;e:power4.out;st:400;sp:1500;sR:400;\"\n\t\t\t\t\t\t\t\tdata-frame_999=\"o:0;tp:600;st:w;sR:4100;\"\n\t\t\t\t\t\t\t\tstyle=\"z-index:5;font-family:'Montserrat';\"\n\t\t\t\t\t\t\t>Elle pourrait ressembler \u00e0 une Honda Dax des ann\u00e9es 80, mais Dax Deluxe a reconfigur\u00e9 son code g\u00e9n\u00e9tique. \n\t\t\t\t\t\t\t<\/rs-layer><!--\n-->\t\t\t\t\t\t<\/rs-slide>\n\t\t\t\t\t\t<rs-slide style=\"position: absolute;\" data-key=\"rs-14\" data-title=\"Slide\" data-thumb=\"\/\/dax-deluxe.be\/wp-content\/uploads\/2019\/01\/Dax-Deluxe-header-2-100x50.jpg\" data-anim=\"adpr:false;\">\n\t\t\t\t\t\t\t<img decoding=\"async\" src=\"\/\/dax-deluxe.be\/wp-content\/plugins\/revslider\/public\/assets\/assets\/dummy.png\" alt=\"\" title=\"Accueil\" class=\"rev-slidebg tp-rs-img rs-lazyload\" data-lazyload=\"\/\/dax-deluxe.be\/wp-content\/uploads\/2019\/01\/Dax-Deluxe-header-2.jpg\" data-panzoom=\"d:10000;ss:100;se:110;\" data-no-retina>\n<!--\n\t\t\t\t\t\t\t--><rs-layer\n\t\t\t\t\t\t\t\tid=\"slider-5-slide-14-layer-1\" \n\t\t\t\t\t\t\t\tdata-type=\"text\"\n\t\t\t\t\t\t\t\tdata-rsp_ch=\"on\"\n\t\t\t\t\t\t\t\tdata-xy=\"x:l,l,l,c;xo:150px,150px,150px,0;y:t,t,t,m;yo:800px,800px,800px,0;\"\n\t\t\t\t\t\t\t\tdata-text=\"w:normal;s:40,40,40,25;l:50;a:inherit,inherit,inherit,center;\"\n\t\t\t\t\t\t\t\tdata-dim=\"w:1625px,1625px,1625px,440px;h:123px,123px,123px,auto;\"\n\t\t\t\t\t\t\t\tdata-frame_0=\"sX:0.8;sY:0.8;tp:600;\"\n\t\t\t\t\t\t\t\tdata-frame_1=\"tp:600;e:power4.out;st:400;sR:400;\"\n\t\t\t\t\t\t\t\tdata-frame_999=\"o:0;tp:600;st:w;sR:5300;\"\n\t\t\t\t\t\t\t\tstyle=\"z-index:5;font-family:'Montserrat';\"\n\t\t\t\t\t\t\t>Il s\u2019agit ici d\u2019 une Honda Dax \u00e2g\u00e9e, qui roulait mieux qu'une moto moderne - un paradoxe que nous pouvons  bien appr\u00e9cier! \n\t\t\t\t\t\t\t<\/rs-layer><!--\n-->\t\t\t\t\t\t<\/rs-slide>\n\t\t\t\t\t\t<rs-slide style=\"position: absolute;\" data-key=\"rs-15\" data-title=\"Slide\" data-thumb=\"\/\/dax-deluxe.be\/wp-content\/uploads\/2019\/01\/Dax-Deluxe-header-3-100x50.jpg\" data-anim=\"adpr:false;\">\n\t\t\t\t\t\t\t<img decoding=\"async\" src=\"\/\/dax-deluxe.be\/wp-content\/plugins\/revslider\/public\/assets\/assets\/dummy.png\" alt=\"\" title=\"Accueil\" class=\"rev-slidebg tp-rs-img rs-lazyload\" data-lazyload=\"\/\/dax-deluxe.be\/wp-content\/uploads\/2019\/01\/Dax-Deluxe-header-3.jpg\" data-panzoom=\"d:10000;ss:100;se:110;\" data-no-retina>\n<!---->\t\t\t\t\t\t<\/rs-slide>\n\t\t\t\t\t\t<rs-slide style=\"position: absolute;\" data-key=\"rs-16\" data-title=\"Slide\" data-thumb=\"\/\/dax-deluxe.be\/wp-content\/uploads\/2019\/01\/Dax-Deluxe-header-4-100x50.jpg\" data-anim=\"adpr:false;\">\n\t\t\t\t\t\t\t<img decoding=\"async\" src=\"\/\/dax-deluxe.be\/wp-content\/plugins\/revslider\/public\/assets\/assets\/dummy.png\" alt=\"\" title=\"Accueil\" class=\"rev-slidebg tp-rs-img rs-lazyload\" data-lazyload=\"\/\/dax-deluxe.be\/wp-content\/uploads\/2019\/01\/Dax-Deluxe-header-4.jpg\" data-panzoom=\"d:10000;ss:100;se:110;\" data-no-retina>\n<!--\n\t\t\t\t\t\t\t--><rs-layer\n\t\t\t\t\t\t\t\tid=\"slider-5-slide-16-layer-1\" \n\t\t\t\t\t\t\t\tdata-type=\"text\"\n\t\t\t\t\t\t\t\tdata-rsp_ch=\"on\"\n\t\t\t\t\t\t\t\tdata-xy=\"x:l,l,l,c;xo:148px,148px,148px,0;y:t,t,t,m;yo:800px,800px,800px,0;\"\n\t\t\t\t\t\t\t\tdata-text=\"w:normal;s:40,40,40,25;l:50;a:inherit,inherit,inherit,center;\"\n\t\t\t\t\t\t\t\tdata-dim=\"w:1630px,1630px,1630px,430px;h:123px,123px,123px,auto;\"\n\t\t\t\t\t\t\t\tdata-frame_0=\"sX:0.8;sY:0.8;tp:600;\"\n\t\t\t\t\t\t\t\tdata-frame_1=\"tp:600;e:power4.out;st:400;sR:400;\"\n\t\t\t\t\t\t\t\tdata-frame_999=\"o:0;tp:600;st:w;sR:5300;\"\n\t\t\t\t\t\t\t\tstyle=\"z-index:5;font-family:'Montserrat';\"\n\t\t\t\t\t\t\t>Un tel degr\u00e9 de personnalisation garantit que chaque machine peut \u00eatre \u00e9quip\u00e9 de mani\u00e8re sportive, luxueuse, flamboyante,  simple et discr\u00e8te comme souhait\u00e9. \n\t\t\t\t\t\t\t<\/rs-layer><!--\n-->\t\t\t\t\t\t<\/rs-slide>\n\t\t\t\t\t\t<rs-slide style=\"position: absolute;\" data-key=\"rs-17\" data-title=\"Slide\" data-thumb=\"\/\/dax-deluxe.be\/wp-content\/uploads\/2019\/01\/Dax-Deluxe-header-5-100x50.jpg\" data-anim=\"adpr:false;\">\n\t\t\t\t\t\t\t<img decoding=\"async\" src=\"\/\/dax-deluxe.be\/wp-content\/plugins\/revslider\/public\/assets\/assets\/dummy.png\" alt=\"\" title=\"Accueil\" class=\"rev-slidebg tp-rs-img rs-lazyload\" data-lazyload=\"\/\/dax-deluxe.be\/wp-content\/uploads\/2019\/01\/Dax-Deluxe-header-5.jpg\" data-panzoom=\"d:10000;ss:100;se:110;\" data-no-retina>\n<!--\n\t\t\t\t\t\t\t--><rs-layer\n\t\t\t\t\t\t\t\tid=\"slider-5-slide-17-layer-1\" \n\t\t\t\t\t\t\t\tdata-type=\"text\"\n\t\t\t\t\t\t\t\tdata-rsp_ch=\"on\"\n\t\t\t\t\t\t\t\tdata-xy=\"x:l,l,l,c;xo:150px,150px,150px,0;y:t,t,t,m;yo:800px,800px,800px,0;\"\n\t\t\t\t\t\t\t\tdata-text=\"w:normal;s:40,40,40,25;l:50;a:inherit,inherit,inherit,center;\"\n\t\t\t\t\t\t\t\tdata-dim=\"w:1510px,1510px,1510px,435px;h:122px,122px,122px,auto;\"\n\t\t\t\t\t\t\t\tdata-frame_0=\"sX:0.8;sY:0.8;tp:600;\"\n\t\t\t\t\t\t\t\tdata-frame_1=\"tp:600;e:power4.out;st:400;sp:1500;sR:400;\"\n\t\t\t\t\t\t\t\tdata-frame_999=\"o:0;tp:600;st:w;sR:4100;\"\n\t\t\t\t\t\t\t\tstyle=\"z-index:5;font-family:'Montserrat';\"\n\t\t\t\t\t\t\t>Le nom Dax vient du chien qui est repr\u00e9sent\u00e9 sur les Daxes japonaises. Ce chien est un teckel, aussi appel\u00e9 \u00ab\u00a0dachhund\u00a0\u00bb \n\t\t\t\t\t\t\t<\/rs-layer><!--\n-->\t\t\t\t\t\t<\/rs-slide>\n\t\t\t\t\t<\/rs-slides>\n\t\t\t\t\t<rs-static-layers class=\"rs-stl-visible\"><!--\n\n\t\t\t\t\t\t\t--><rs-layer\n\t\t\t\t\t\t\t\tid=\"slider-5-slide-3-layer-3\" \n\t\t\t\t\t\t\t\tclass=\"tp-shape tp-shapewrapper rs-layer-static\"\n\t\t\t\t\t\t\t\tdata-type=\"shape\"\n\t\t\t\t\t\t\t\tdata-rsp_ch=\"on\"\n\t\t\t\t\t\t\t\tdata-xy=\"x:c;y:m;\"\n\t\t\t\t\t\t\t\tdata-text=\"fw:300;a:inherit;\"\n\t\t\t\t\t\t\t\tdata-dim=\"w:100%;h:100%;\"\n\t\t\t\t\t\t\t\tdata-basealign=\"slide\"\n\t\t\t\t\t\t\t\tdata-onslides=\"s:1;\"\n\t\t\t\t\t\t\t\tdata-frame_0=\"tp:600;\"\n\t\t\t\t\t\t\t\tdata-frame_1=\"tp:600;sR:10;\"\n\t\t\t\t\t\t\t\tdata-frame_999=\"o:0;tp:600;st:4500;sR:4190;\"\n\t\t\t\t\t\t\t\tstyle=\"z-index:9;background-color:rgba(0,0,0,0.5);\"\n\t\t\t\t\t\t\t> \n\t\t\t\t\t\t\t<\/rs-layer><!--\n\n\t\t\t\t\t\t\t--><rs-layer\n\t\t\t\t\t\t\t\tid=\"slider-5-slide-3-layer-1\" \n\t\t\t\t\t\t\t\tclass=\"rev-scroll-btn rs-layer-static\"\n\t\t\t\t\t\t\t\tdata-type=\"button\"\n\t\t\t\t\t\t\t\tdata-color=\"#787878\"\n\t\t\t\t\t\t\t\tdata-xy=\"x:c;y:t,t,t,m;yo:1019px,1019px,1019px,209px;\"\n\t\t\t\t\t\t\t\tdata-text=\"fw:300;a:inherit;\"\n\t\t\t\t\t\t\t\tdata-dim=\"w:35px;h:55px;\"\n\t\t\t\t\t\t\t\tdata-actions='o:mouseenter;a:scrollbelow;d:500;sp:600;e:none;'\n\t\t\t\t\t\t\t\tdata-rsp_bd=\"off\"\n\t\t\t\t\t\t\t\tdata-onslides=\"s:1;\"\n\t\t\t\t\t\t\t\tdata-border=\"bos:solid;boc:rgb(255, 255, 255);bow:2.99716px,2.99716px,2.99716px,2.99716px;bor:23px,23px,23px,23px;\"\n\t\t\t\t\t\t\t\tdata-frame_0=\"tp:600;\"\n\t\t\t\t\t\t\t\tdata-frame_1=\"tp:600;sR:10;\"\n\t\t\t\t\t\t\t\tdata-frame_999=\"o:0;tp:600;st:4500;sR:4190;\"\n\t\t\t\t\t\t\t\tstyle=\"z-index:10;background-color:rgba(0,0,0,0);font-family:'Open Sans';cursor:pointer;box-sizing:border-box;-moz-box-sizing:border-box;-webkit-box-sizing:border-box;\"\n\t\t\t\t\t\t\t>\t\t\t\t\t\t\t\n\t\t\t\t\t\t\t<span>\n\t\t\t\t\t\t\t<\/span>\t\t\t\t\t\t\t\n\t\t\t\t\t\t \n\t\t\t\t\t\t\t<\/rs-layer><!--\n\t\t\t\t\t--><\/rs-static-layers>\n\t\t\t\t<\/rs-module>\n\t\t\t\t<script>\n\t\t\t\t\tsetREVStartSize({c: 'rev_slider_5_1',rl:[1240,1240,1240,480],el:[],gw:[1800,1800,1800,480],gh:[1200,1200,1200,600],type:'standard',justify:'',layout:'fullscreen',offsetContainer:'',offset:'',mh:\"0\"});if (window.RS_MODULES!==undefined && window.RS_MODULES.modules!==undefined && window.RS_MODULES.modules[\"revslider51\"]!==undefined) {window.RS_MODULES.modules[\"revslider51\"].once = false;window.revapi5 = undefined;if (window.RS_MODULES.checkMinimal!==undefined) window.RS_MODULES.checkMinimal()}\n\t\t\t\t<\/script>\n\t\t\t<\/rs-module-wrap>\n\t\t\t<!-- END REVOLUTION SLIDER -->\n<\/div><div id='after_revolutionslider_1'  class='main_color av_default_container_wrap container_wrap fullsize'  ><div class='container av-section-cont-open' ><div class='template-page content  av-content-full alpha units'><div class='post-entry post-entry-type-page post-entry-278'><div class='entry-content-wrapper clearfix'>\n\n<style type=\"text\/css\" data-created_by=\"avia_inline_auto\" id=\"style-css-av-13qy7-db10ff0b6a295b7d6e7d5bdbb94a359a\">\n.flex_column.av-13qy7-db10ff0b6a295b7d6e7d5bdbb94a359a{\nborder-radius:0px 0px 0px 0px;\npadding:0px 0px 0px 0px;\n}\n<\/style>\n<div  class='flex_column av-13qy7-db10ff0b6a295b7d6e7d5bdbb94a359a av_two_fifth  avia-builder-el-1  el_after_av_revolutionslider  el_before_av_two_fifth  avia-builder-el-first  first flex_column_div av-zero-column-padding  '     ><style type=\"text\/css\" data-created_by=\"avia_inline_auto\" id=\"style-css-av-jrgg8xho-a3c78cd86d94c37dbd275227b158bd3f\">\n.avia-image-container.av-jrgg8xho-a3c78cd86d94c37dbd275227b158bd3f img.avia_image{\nbox-shadow:none;\n}\n.avia-image-container.av-jrgg8xho-a3c78cd86d94c37dbd275227b158bd3f .av-image-caption-overlay-center{\ncolor:#ffffff;\n}\n<\/style>\n<div  class='avia-image-container av-jrgg8xho-a3c78cd86d94c37dbd275227b158bd3f av-styling- av-hover-grow av-hide-overflow avia-align-center  avia-builder-el-2  avia-builder-el-no-sibling '   itemprop=\"image\" itemscope=\"itemscope\" itemtype=\"https:\/\/schema.org\/ImageObject\" ><div class=\"avia-image-container-inner\"><div class=\"avia-image-overlay-wrap\"><img decoding=\"async\" class='wp-image-368 avia-img-lazy-loading-not-368 avia_image ' src=\"https:\/\/dax-deluxe.be\/wp-content\/uploads\/2019\/01\/Dax-Deluxe-22-1030x1030.jpg\" alt='' title='Dax Deluxe 22'  height=\"1030\" width=\"1030\"  itemprop=\"thumbnailUrl\" srcset=\"https:\/\/dax-deluxe.be\/wp-content\/uploads\/2019\/01\/Dax-Deluxe-22-1030x1030.jpg 1030w, https:\/\/dax-deluxe.be\/wp-content\/uploads\/2019\/01\/Dax-Deluxe-22-80x80.jpg 80w, https:\/\/dax-deluxe.be\/wp-content\/uploads\/2019\/01\/Dax-Deluxe-22-300x300.jpg 300w, https:\/\/dax-deluxe.be\/wp-content\/uploads\/2019\/01\/Dax-Deluxe-22-768x768.jpg 768w, https:\/\/dax-deluxe.be\/wp-content\/uploads\/2019\/01\/Dax-Deluxe-22-36x36.jpg 36w, https:\/\/dax-deluxe.be\/wp-content\/uploads\/2019\/01\/Dax-Deluxe-22-180x180.jpg 180w, https:\/\/dax-deluxe.be\/wp-content\/uploads\/2019\/01\/Dax-Deluxe-22-705x705.jpg 705w, https:\/\/dax-deluxe.be\/wp-content\/uploads\/2019\/01\/Dax-Deluxe-22-120x120.jpg 120w, https:\/\/dax-deluxe.be\/wp-content\/uploads\/2019\/01\/Dax-Deluxe-22-450x450.jpg 450w, https:\/\/dax-deluxe.be\/wp-content\/uploads\/2019\/01\/Dax-Deluxe-22.jpg 1200w\" sizes=\"(max-width: 1030px) 100vw, 1030px\" \/><\/div><\/div><\/div><\/div>\n\n<style type=\"text\/css\" data-created_by=\"avia_inline_auto\" id=\"style-css-av-1bybj-624ce2af5423156d0a5a48922929baf1\">\n.flex_column.av-1bybj-624ce2af5423156d0a5a48922929baf1{\nborder-radius:0px 0px 0px 0px;\npadding:0px 0px 0px 0px;\n}\n<\/style>\n<div  class='flex_column av-1bybj-624ce2af5423156d0a5a48922929baf1 av_two_fifth  avia-builder-el-3  el_after_av_two_fifth  el_before_av_one_fifth  flex_column_div av-zero-column-padding  '     ><p>\n<style type=\"text\/css\" data-created_by=\"avia_inline_auto\" id=\"style-css-av-jrggeku4-857e94ec06bf77fdbe40cdd351ecc481\">\n.avia-image-container.av-jrggeku4-857e94ec06bf77fdbe40cdd351ecc481 img.avia_image{\nbox-shadow:none;\n}\n.avia-image-container.av-jrggeku4-857e94ec06bf77fdbe40cdd351ecc481 .av-image-caption-overlay-center{\ncolor:#ffffff;\n}\n<\/style>\n<div  class='avia-image-container av-jrggeku4-857e94ec06bf77fdbe40cdd351ecc481 av-styling- avia-align-center  avia-builder-el-4  el_before_av_textblock  avia-builder-el-first  text-img'   itemprop=\"image\" itemscope=\"itemscope\" itemtype=\"https:\/\/schema.org\/ImageObject\" ><div class=\"avia-image-container-inner\"><div class=\"avia-image-overlay-wrap\"><img decoding=\"async\" class='wp-image-372 avia-img-lazy-loading-not-372 avia_image ' src=\"https:\/\/dax-deluxe.be\/wp-content\/uploads\/2019\/01\/Dax-Deluxe-Logo-transp-1-300x90.png\" alt='' title='Dax-Deluxe-Logo-transp'  height=\"90\" width=\"300\"  itemprop=\"thumbnailUrl\" srcset=\"https:\/\/dax-deluxe.be\/wp-content\/uploads\/2019\/01\/Dax-Deluxe-Logo-transp-1-300x90.png 300w, https:\/\/dax-deluxe.be\/wp-content\/uploads\/2019\/01\/Dax-Deluxe-Logo-transp-1-495x150.png 495w, https:\/\/dax-deluxe.be\/wp-content\/uploads\/2019\/01\/Dax-Deluxe-Logo-transp-1-450x135.png 450w, https:\/\/dax-deluxe.be\/wp-content\/uploads\/2019\/01\/Dax-Deluxe-Logo-transp-1.png 500w\" sizes=\"(max-width: 300px) 100vw, 300px\" \/><\/div><\/div><\/div><br \/>\n<section  class='av_textblock_section av-12e9f-4e00b2ddf0222f2765da65076d795283 '   itemscope=\"itemscope\" itemtype=\"https:\/\/schema.org\/CreativeWork\" ><div class='avia_textblock'  itemprop=\"text\" ><h1 style=\"text-align: center;\">DAX Deluxe<\/h1>\n<p style=\"text-align: center;\">La Dax d\u00e9velopp\u00e9e par Dax Deluxe utilise comme base une Honda Dax classique, mais dot\u00e9e de technologies modernes.<\/p>\n<p style=\"text-align: center;\">Bas\u00e9 \u00e0 Knokke, La Dax Deluxe fait fureur avec des variantes sp\u00e9ciales de la Honda Dax.<\/p>\n<\/div><\/section><br \/>\n\n<style type=\"text\/css\" data-created_by=\"avia_inline_auto\" id=\"style-css-av-jrggw94r-a2a756ee352dbc0352315a0d00ef162c\">\n#top .hr.av-jrggw94r-a2a756ee352dbc0352315a0d00ef162c{\nmargin-top:0px;\nmargin-bottom:0px;\n}\n.hr.av-jrggw94r-a2a756ee352dbc0352315a0d00ef162c .hr-inner{\nwidth:50px;\nborder-color:#606060;\nmax-width:45%;\n}\n.hr.av-jrggw94r-a2a756ee352dbc0352315a0d00ef162c .av-seperator-icon{\ncolor:#606060;\n}\n<\/style>\n<div  class='hr av-jrggw94r-a2a756ee352dbc0352315a0d00ef162c hr-custom  avia-builder-el-6  el_after_av_textblock  avia-builder-el-last  hr-center hr-icon-yes'><span class='hr-inner inner-border-av-border-thin'><span class=\"hr-inner-style\"><\/span><\/span><span class='av-seperator-icon' aria-hidden='true' data-av_icon='\ue883' data-av_iconfont='entypo-fontello'><\/span><span class='hr-inner inner-border-av-border-thin'><span class=\"hr-inner-style\"><\/span><\/span><\/div><\/p><\/div>\n\n<style type=\"text\/css\" data-created_by=\"avia_inline_auto\" id=\"style-css-av-135cf-8cd495d2c7dd90b5b7e04dc2dc798df2\">\n.flex_column.av-135cf-8cd495d2c7dd90b5b7e04dc2dc798df2{\nborder-radius:0px 0px 0px 0px;\npadding:0px 0px 0px 0px;\n}\n<\/style>\n<div  class='flex_column av-135cf-8cd495d2c7dd90b5b7e04dc2dc798df2 av_one_fifth  avia-builder-el-7  el_after_av_two_fifth  avia-builder-el-last  flex_column_div av-zero-column-padding  '     ><\/div>\n","protected":false},"excerpt":{"rendered":"","protected":false},"author":1,"featured_media":0,"parent":0,"menu_order":0,"comment_status":"closed","ping_status":"closed","template":"","meta":{"footnotes":""},"class_list":["post-278","page","type-page","status-publish","hentry"],"_links":{"self":[{"href":"https:\/\/dax-deluxe.be\/fr\/wp-json\/wp\/v2\/pages\/278","targetHints":{"allow":["GET"]}}],"collection":[{"href":"https:\/\/dax-deluxe.be\/fr\/wp-json\/wp\/v2\/pages"}],"about":[{"href":"https:\/\/dax-deluxe.be\/fr\/wp-json\/wp\/v2\/types\/page"}],"author":[{"embeddable":true,"href":"https:\/\/dax-deluxe.be\/fr\/wp-json\/wp\/v2\/users\/1"}],"replies":[{"embeddable":true,"href":"https:\/\/dax-deluxe.be\/fr\/wp-json\/wp\/v2\/comments?post=278"}],"version-history":[{"count":5,"href":"https:\/\/dax-deluxe.be\/fr\/wp-json\/wp\/v2\/pages\/278\/revisions"}],"predecessor-version":[{"id":309,"href":"https:\/\/dax-deluxe.be\/fr\/wp-json\/wp\/v2\/pages\/278\/revisions\/309"}],"wp:attachment":[{"href":"https:\/\/dax-deluxe.be\/fr\/wp-json\/wp\/v2\/media?parent=278"}],"curies":[{"name":"wp","href":"https:\/\/api.w.org\/{rel}","templated":true}]}}