{"id":509,"date":"2023-09-21T05:00:58","date_gmt":"2023-09-21T05:00:58","guid":{"rendered":"https:\/\/dax-deluxe.be\/?page_id=509"},"modified":"2023-09-21T05:08:38","modified_gmt":"2023-09-21T05:08:38","slug":"car-detailing","status":"publish","type":"page","link":"https:\/\/dax-deluxe.be\/fr\/car-detailing\/","title":{"rendered":"Car Detailing"},"content":{"rendered":"<div id='revolutionslider_1'  class='avia-layerslider avia-revolutionslider main_color avia-shadow  avia-builder-el-0  el_before_av_one_half  avia-builder-el-first   container_wrap fullsize'  >\n\t\t\t<!-- START Car Detailing REVOLUTION SLIDER 6.6.16 --><p class=\"rs-p-wp-fix\"><\/p>\n\t\t\t<rs-module-wrap id=\"rev_slider_6_1_wrapper\" data-source=\"gallery\" style=\"visibility:hidden;background:transparent;padding:0;margin:0px auto;margin-top:0;margin-bottom:0;\">\n\t\t\t\t<rs-module id=\"rev_slider_6_1\" style=\"\" data-version=\"6.6.16\">\n\t\t\t\t\t<rs-slides style=\"overflow: hidden; position: absolute;\">\n\t\t\t\t\t\t<rs-slide style=\"position: absolute;\" data-key=\"rs-18\" data-title=\"Slide\" data-anim=\"adpr:false;\" data-in=\"o:0;\" data-out=\"a:false;\">\n\t\t\t\t\t\t\t<img decoding=\"async\" src=\"\/\/dax-deluxe.be\/wp-content\/plugins\/revslider\/public\/assets\/assets\/dummy.png\" alt=\"\" title=\"Dax Deluxe Porsche\" width=\"1800\" height=\"1200\" class=\"rev-slidebg tp-rs-img rs-lazyload\" data-lazyload=\"\/\/dax-deluxe.be\/wp-content\/uploads\/2023\/09\/Dax-Deluxe-Porsche.jpg\" data-no-retina>\n<!--\n\t\t\t\t\t\t\t--><rs-layer\n\t\t\t\t\t\t\t\tid=\"slider-6-slide-18-layer-1\" \n\t\t\t\t\t\t\t\tclass=\"tp-shape tp-shapewrapper\"\n\t\t\t\t\t\t\t\tdata-type=\"shape\"\n\t\t\t\t\t\t\t\tdata-rsp_ch=\"on\"\n\t\t\t\t\t\t\t\tdata-xy=\"x:c;y:c;\"\n\t\t\t\t\t\t\t\tdata-text=\"fw:100;a:inherit;\"\n\t\t\t\t\t\t\t\tdata-dim=\"w:100%;h:100%;\"\n\t\t\t\t\t\t\t\tdata-basealign=\"slide\"\n\t\t\t\t\t\t\t\tdata-frame_999=\"o:0;st:w;sR:8700;\"\n\t\t\t\t\t\t\t\tstyle=\"z-index:5;background-color:rgba(0,0,0,0.5);\"\n\t\t\t\t\t\t\t> \n\t\t\t\t\t\t\t<\/rs-layer><!--\n-->\t\t\t\t\t\t<\/rs-slide>\n\t\t\t\t\t<\/rs-slides>\n\t\t\t\t<\/rs-module>\n\t\t\t\t<script>\n\t\t\t\t\tsetREVStartSize({c: 'rev_slider_6_1',rl:[1240,1024,778,480],el:[600],gw:[1800],gh:[600],type:'hero',justify:'',layout:'fullwidth',mh:\"0\"});if (window.RS_MODULES!==undefined && window.RS_MODULES.modules!==undefined && window.RS_MODULES.modules[\"revslider61\"]!==undefined) {window.RS_MODULES.modules[\"revslider61\"].once = false;window.revapi6 = undefined;if (window.RS_MODULES.checkMinimal!==undefined) window.RS_MODULES.checkMinimal()}\n\t\t\t\t<\/script>\n\t\t\t<\/rs-module-wrap>\n\t\t\t<!-- END REVOLUTION SLIDER -->\n<\/div><div id='after_revolutionslider_1'  class='main_color av_default_container_wrap container_wrap fullsize'  ><div class='container av-section-cont-open' ><div class='template-page content  av-content-full alpha units'><div class='post-entry post-entry-type-page post-entry-509'><div class='entry-content-wrapper clearfix'>\n<div class='flex_column_table av-lmsp1ul5-140e0f78c210a9ea593967a5297e0b65 sc-av_one_half av-equal-height-column-flextable'>\n<style type=\"text\/css\" data-created_by=\"avia_inline_auto\" id=\"style-css-av-lmsp1ul5-140e0f78c210a9ea593967a5297e0b65\">\n.flex_column.av-lmsp1ul5-140e0f78c210a9ea593967a5297e0b65{\nborder-radius:0px 0px 0px 0px;\npadding:0px 0px 0px 0px;\n}\n<\/style>\n<div  class='flex_column av-lmsp1ul5-140e0f78c210a9ea593967a5297e0b65 av_one_half  avia-builder-el-1  el_after_av_revolutionslider  el_before_av_one_half  avia-builder-el-first  first flex_column_table_cell av-equal-height-column av-align-middle av-zero-column-padding  '     ><section  class='av_textblock_section av-lmsp60bw-5cdb11127442f2f6f2d4d8494683f344 '   itemscope=\"itemscope\" itemtype=\"https:\/\/schema.org\/CreativeWork\" ><div class='avia_textblock'  itemprop=\"text\" ><h1 style=\"text-align: left;\">CAR DETAILING<\/h1>\n<\/div><\/section><br \/>\n\n<style type=\"text\/css\" data-created_by=\"avia_inline_auto\" id=\"style-css-av-lmsoul3p-9a240f44e1c8179b4916f15fac0a9a6a\">\n.avia-image-container.av-lmsoul3p-9a240f44e1c8179b4916f15fac0a9a6a img.avia_image{\nbox-shadow:none;\n}\n.avia-image-container.av-lmsoul3p-9a240f44e1c8179b4916f15fac0a9a6a .av-image-caption-overlay-center{\ncolor:#ffffff;\n}\n<\/style>\n<div  class='avia-image-container av-lmsoul3p-9a240f44e1c8179b4916f15fac0a9a6a av-styling- avia-align-center  avia-builder-el-3  el_after_av_textblock  avia-builder-el-last '   itemprop=\"image\" itemscope=\"itemscope\" itemtype=\"https:\/\/schema.org\/ImageObject\" ><div class=\"avia-image-container-inner\"><div class=\"avia-image-overlay-wrap\"><img decoding=\"async\" class='wp-image-499 avia-img-lazy-loading-not-499 avia_image ' src=\"https:\/\/dax-deluxe.be\/wp-content\/uploads\/2023\/09\/Dax-Deluxe-window-1030x687.jpg\" alt='' title='Dax Deluxe window'  height=\"687\" width=\"1030\"  itemprop=\"thumbnailUrl\" srcset=\"https:\/\/dax-deluxe.be\/wp-content\/uploads\/2023\/09\/Dax-Deluxe-window-1030x687.jpg 1030w, https:\/\/dax-deluxe.be\/wp-content\/uploads\/2023\/09\/Dax-Deluxe-window-300x200.jpg 300w, https:\/\/dax-deluxe.be\/wp-content\/uploads\/2023\/09\/Dax-Deluxe-window-768x512.jpg 768w, https:\/\/dax-deluxe.be\/wp-content\/uploads\/2023\/09\/Dax-Deluxe-window-1536x1024.jpg 1536w, https:\/\/dax-deluxe.be\/wp-content\/uploads\/2023\/09\/Dax-Deluxe-window-1500x1000.jpg 1500w, https:\/\/dax-deluxe.be\/wp-content\/uploads\/2023\/09\/Dax-Deluxe-window-705x470.jpg 705w, https:\/\/dax-deluxe.be\/wp-content\/uploads\/2023\/09\/Dax-Deluxe-window.jpg 1800w\" sizes=\"(max-width: 1030px) 100vw, 1030px\" \/><\/div><\/div><\/div><\/p><\/div><div class='av-flex-placeholder'><\/div><div  class='flex_column av-sbyr0-c3fb50c6c0b19bd0db31b5c53f6d5ee4 av_one_half  avia-builder-el-4  el_after_av_one_half  el_before_av_section  avia-builder-el-last  flex_column_table_cell av-equal-height-column av-align-middle  '     ><section  class='av_textblock_section av-lmsowuur-e5f2b27ba78bf02cb6531d76006d4fb2 '   itemscope=\"itemscope\" itemtype=\"https:\/\/schema.org\/CreativeWork\" ><div class='avia_textblock'  itemprop=\"text\" ><h2 style=\"text-align: left;\">PPF<\/h2>\n<p>Le PPF est aussi tr\u00e8s souvent appel\u00e9 film anti-gravillons. Mais il fait bien plus que cela. Le PPF (Paint Protection Film) est disponible en version 100% transparente, mais aussi, depuis peu, en version color\u00e9e. Ce film de 200 microns d&rsquo;\u00e9paisseur est appliqu\u00e9 sur la surface de la peinture de la voiture.<\/p>\n<p>Le PPF offre une protection non seulement contre les \u00e9clats de pierre, mais aussi contre les rayures, les insectes, la r\u00e9sine, les acides et les sels. Le PPF apporte \u00e9galement une brillance et une profondeur suppl\u00e9mentaires \u00e0 la peinture de la voiture.<\/p>\n<p>Plusieurs options sont disponibles pour l&rsquo;application du PPF, vous pouvez toujours nous contacter pour plus d&rsquo;informations ou un devis personnalis\u00e9.<\/p>\n<\/div><\/section><\/div><\/div><!--close column table wrapper. Autoclose: 1 --><\/div><\/div><\/div><!-- close content main div --><\/div><\/div>\n<style type=\"text\/css\" data-created_by=\"avia_inline_auto\" id=\"style-css-av-lmsoxvv4-be23ba498e87b1cb01d736fe72f6f621\">\n.avia-section.av-lmsoxvv4-be23ba498e87b1cb01d736fe72f6f621{\nbackground-color:#424242;\nbackground-image:unset;\n}\n<\/style>\n<div id='av_section_1'  class='avia-section av-lmsoxvv4-be23ba498e87b1cb01d736fe72f6f621 main_color avia-section-default avia-no-border-styling  avia-builder-el-6  el_after_av_one_half  avia-builder-el-last  avia-bg-style-scroll container_wrap fullsize'  ><div class='container av-section-cont-open' ><div class='template-page content  av-content-full alpha units'><div class='post-entry post-entry-type-page post-entry-509'><div class='entry-content-wrapper clearfix'>\n<div  class='flex_column av-k3a70-55aab67e2165251ae993d54870ec742e av_one_third  avia-builder-el-7  el_before_av_one_third  avia-builder-el-first  first flex_column_div  '     ><section  class='av_textblock_section av-lmsp0opk-7bac1c58096abc2f34914a22f4abbf92 '   itemscope=\"itemscope\" itemtype=\"https:\/\/schema.org\/CreativeWork\" ><div class='avia_textblock'  itemprop=\"text\" ><h2 style=\"text-align: center;\">TEINTURE DES VITRES<\/h2>\n<p style=\"text-align: center;\">Si vous souhaitez teinter les vitres de votre voiture ou les faire teinter davantage, vous \u00eates au bon endroit. Nous fournissons un travail professionnel avec des mat\u00e9riaux de qualit\u00e9, et vous pouvez choisir parmi diff\u00e9rents types de transmission de la lumi\u00e8re. Nous vous donnons \u00e9galement les bons conseils pour un r\u00e9sultat parfait.<\/p>\n<\/div><\/section><\/div><div  class='flex_column av-cjmvg-938332e3029088a110e38467fdc0b00a av_one_third  avia-builder-el-9  el_after_av_one_third  el_before_av_one_third  flex_column_div  '     ><section  class='av_textblock_section av-lmsp12c2-a206544449cccf84566fe760ae40dd03 '   itemscope=\"itemscope\" itemtype=\"https:\/\/schema.org\/CreativeWork\" ><div class='avia_textblock'  itemprop=\"text\" ><h2 style=\"text-align: center;\">R\u00c9PARATION<\/h2>\n<p style=\"text-align: center;\">Si votre voiture, votre voiture de collection ou votre voiturette de golf a besoin d&rsquo;un nouvel int\u00e9rieur, ne vous inqui\u00e9tez pas, nous vous aiderons de A \u00e0 Z en fonction de vos choix et de vos souhaits. Nos collaborateurs sont sp\u00e9cialis\u00e9s dans le d\u00e9montage, le montage et le rembourrage d&rsquo;int\u00e9rieurs. Nous nous occupons de tout dans les moindres d\u00e9tails. Vous pouvez aussi venir chez nous pour un ciel \u00e9toil\u00e9.<\/p>\n<\/div><\/section><\/div><div  class='flex_column av-bhye4-7fc848298870b5adb48cef1f57f16cbe av_one_third  avia-builder-el-11  el_after_av_one_third  avia-builder-el-last  flex_column_div  '     ><section  class='av_textblock_section av-lmsp1i5c-7d78a9d7ec6899ac8b54e716d3c718de '   itemscope=\"itemscope\" itemtype=\"https:\/\/schema.org\/CreativeWork\" ><div class='avia_textblock'  itemprop=\"text\" ><h2 style=\"text-align: center;\">FOODTRUCK<\/h2>\n<p style=\"text-align: center;\">Vous envisagez de cr\u00e9er un Foodtruck ou votre Foodtruck a besoin d&rsquo;\u00eatre rafra\u00eechi ? Contactez-nous, nous avons de l&rsquo;exp\u00e9rience dans la construction de Foodtrucks avec les r\u00e9glementations et les certificats n\u00e9cessaires. Nous travaillons enti\u00e8rement sur la base des souhaits et des id\u00e9es du client, avec lesquels nous construisons et installons ensuite le Foodtruck enti\u00e8rement sur mesure, \u00e0 la main, pour un r\u00e9sultat magnifique.<\/p>\n<\/div><\/section><\/div><\/p>\n","protected":false},"excerpt":{"rendered":"","protected":false},"author":1,"featured_media":0,"parent":0,"menu_order":0,"comment_status":"closed","ping_status":"closed","template":"","meta":{"footnotes":""},"class_list":["post-509","page","type-page","status-publish","hentry"],"_links":{"self":[{"href":"https:\/\/dax-deluxe.be\/fr\/wp-json\/wp\/v2\/pages\/509","targetHints":{"allow":["GET"]}}],"collection":[{"href":"https:\/\/dax-deluxe.be\/fr\/wp-json\/wp\/v2\/pages"}],"about":[{"href":"https:\/\/dax-deluxe.be\/fr\/wp-json\/wp\/v2\/types\/page"}],"author":[{"embeddable":true,"href":"https:\/\/dax-deluxe.be\/fr\/wp-json\/wp\/v2\/users\/1"}],"replies":[{"embeddable":true,"href":"https:\/\/dax-deluxe.be\/fr\/wp-json\/wp\/v2\/comments?post=509"}],"version-history":[{"count":2,"href":"https:\/\/dax-deluxe.be\/fr\/wp-json\/wp\/v2\/pages\/509\/revisions"}],"predecessor-version":[{"id":521,"href":"https:\/\/dax-deluxe.be\/fr\/wp-json\/wp\/v2\/pages\/509\/revisions\/521"}],"wp:attachment":[{"href":"https:\/\/dax-deluxe.be\/fr\/wp-json\/wp\/v2\/media?parent=509"}],"curies":[{"name":"wp","href":"https:\/\/api.w.org\/{rel}","templated":true}]}}